{"id":37,"date":"2017-12-14T21:53:43","date_gmt":"2017-12-14T20:53:43","guid":{"rendered":"https:\/\/jpconjuring.co.uk\/?page_id=37"},"modified":"2025-10-17T21:08:55","modified_gmt":"2025-10-17T20:08:55","slug":"description","status":"publish","type":"page","link":"https:\/\/jpconjuring.co.uk\/da\/","title":{"rendered":"Beskrivelse"},"content":{"rendered":"\n\n\n\n<p class=\"has-text-align-left\">Den sydkoreanske tryllekunstner JAY.P spiller rollen som &#8220;The Charming JAY&#8221;, der elsker klassisk magi og excentrisk jazz. Han er en venlig tryllekunstner med ekstraordin\u00e6rt talent. Men hver gang han fors\u00f8ger at udf\u00f8re et trick, mislykkes det. Og n\u00e5r han fors\u00f8ger at skjule sin fejl, sker der noget endnu mere absurd. Is\u00e6r n\u00e5r der er mange tilskuere omkring scenen. Ved n\u00e6rmere eftersyn indser publikum, at han ikke er en tryllekunstner som de andre, men en klovn, der synes at stamme fra stumfilmens \u00e6ra.<\/p>\n\n\n\n<p><\/p>\n","protected":false},"excerpt":{"rendered":"<p>Den sydkoreanske tryllekunstner JAY.P spiller rollen som &#8220;The Charming JAY&#8221;, der elsker klassisk magi og excentrisk jazz. Han er en venlig tryllekunstner med ekstraordin\u00e6rt talent. Men hver gang han fors\u00f8ger [&#8230;]<\/p>\n<p><a rel=\"bookmark\" class=\"more-link button\" href=\"https:\/\/jpconjuring.co.uk\/da\/\">Continue reading &rarr;<\/a><\/p>\n","protected":false},"author":1,"featured_media":0,"parent":0,"menu_order":0,"comment_status":"closed","ping_status":"closed","template":"page-templates\/full-width.php","meta":{"footnotes":""},"class_list":["post-37","page","type-page","status-publish","hentry","no-thumbnail"],"translation":{"provider":"WPGlobus","version":"3.0.2","language":"da","enabled_languages":["en","de","fr","es","it","ko","pt","pl","da"],"languages":{"en":{"title":true,"content":true,"excerpt":false},"de":{"title":true,"content":true,"excerpt":false},"fr":{"title":true,"content":true,"excerpt":false},"es":{"title":true,"content":true,"excerpt":false},"it":{"title":true,"content":true,"excerpt":false},"ko":{"title":true,"content":true,"excerpt":false},"pt":{"title":true,"content":true,"excerpt":false},"pl":{"title":true,"content":true,"excerpt":false},"da":{"title":true,"content":true,"excerpt":false}}},"_links":{"self":[{"href":"https:\/\/jpconjuring.co.uk\/da\/wp-json\/wp\/v2\/pages\/37","targetHints":{"allow":["GET"]}}],"collection":[{"href":"https:\/\/jpconjuring.co.uk\/da\/wp-json\/wp\/v2\/pages"}],"about":[{"href":"https:\/\/jpconjuring.co.uk\/da\/wp-json\/wp\/v2\/types\/page"}],"author":[{"embeddable":true,"href":"https:\/\/jpconjuring.co.uk\/da\/wp-json\/wp\/v2\/users\/1"}],"replies":[{"embeddable":true,"href":"https:\/\/jpconjuring.co.uk\/da\/wp-json\/wp\/v2\/comments?post=37"}],"version-history":[{"count":122,"href":"https:\/\/jpconjuring.co.uk\/da\/wp-json\/wp\/v2\/pages\/37\/revisions"}],"predecessor-version":[{"id":5982,"href":"https:\/\/jpconjuring.co.uk\/da\/wp-json\/wp\/v2\/pages\/37\/revisions\/5982"}],"wp:attachment":[{"href":"https:\/\/jpconjuring.co.uk\/da\/wp-json\/wp\/v2\/media?parent=37"}],"curies":[{"name":"wp","href":"https:\/\/api.w.org\/{rel}","templated":true}]}}