{"id":41,"date":"2017-12-14T21:57:22","date_gmt":"2017-12-14T20:57:22","guid":{"rendered":"https:\/\/jpconjuring.co.uk\/?page_id=41"},"modified":"2025-10-20T12:27:48","modified_gmt":"2025-10-20T11:27:48","slug":"biography","status":"publish","type":"page","link":"https:\/\/jpconjuring.co.uk\/da\/biography\/","title":{"rendered":"Biografi"},"content":{"rendered":"\n<p class=\"has-text-align-left\">Jay begyndte sin karriere som tryllekunstner i en alder af 16 \u00e5r,.<\/p>\n\n\n\n<p class=\"has-text-align-left\">I en alder af 17 \u00e5r blev Jay tilbudt en l\u00e6replads hos et trylleunderholdningsfirma, hvor han kunne finpudse sine f\u00e6rdigheder i selskab med erfarne tryllekunstnere og l\u00e6re professionelle teknikker og showmanship.<\/p>\n\n\n\n<p class=\"has-text-align-left\">I en alder af 20 arbejdede han sammen med sine l\u00e6rere og underviste selv aspirerende tryllekunstnere.<\/p>\n\n\n\n<p class=\"has-text-align-left\">Han begyndte ogs\u00e5 at udforske tryllekunstens kunst ved at udvikle sine egne illusioner fra bunden og derefter videregive denne ekspertise til tryllekunstnere, der lige var begyndt i branchen.<\/p>\n\n\n\n<p class=\"has-text-align-left\">Jay gjorde tjeneste i milit\u00e6ret i to \u00e5r, men fandt stadig muligheder for at undervise nogle af sine kammerater i tryllekunst og blev bedt om at demonstrere sine f\u00e6rdigheder ved milit\u00e6re ceremonier foran h\u00f8jtst\u00e5ende officerer.<\/p>\n\n\n\n<p class=\"has-text-align-left\">Efter sin milit\u00e6rtjeneste genoptog han sin karriere som professionel tryllekunstner, illusionist og l\u00e6rer\/mentor for aspirerende tryllekunstnere.<\/p>\n\n\n\n<p class=\"has-text-align-left\">Han blev ogs\u00e5 ansat som magisk konsulent for filmen \u00bbThe Magician\u00ab (2015). Han l\u00e6rte hovedrolleindehaverne trylletricks, udviklede sekvenserne, byggede illusionerne og fungerede som \u00bbmagisk\u00ab h\u00e5nddobbelt for hovedrolleindehaveren i nogle af de sv\u00e6rere manipulationer.<\/p>\n\n\n\n<p class=\"has-text-align-left\">Han begyndte at lave gadeteater i Londons Covent Garden i 2015 og studerede p\u00e5 en dramaskole i London, Storbritannien, i to \u00e5r fra 2016 til 2018, hvor han deltog i gadeteaterfestivaler og gadeteaterforestillinger over hele Storbritannien. I 2019 flyttede han sin base til Berlin, Tyskland, hvor han optr\u00e5dte p\u00e5 gadeteaterfestivaler og teaterfestivaler i Tyskland og tysktalende regioner.<\/p>\n\n\n\n<p class=\"has-text-align-left\"><br>Siden 2019 har han deltaget i gadeteater- og teaterfestivaler i hele Europa. Fra 2022 udvidede han sine aktiviteter til Oceanien, Nordamerika og Mellem\u00f8sten.<\/p>\n\n\n\n<p class=\"has-text-align-left\"><br>Han startede med klassisk magi og blev p\u00e5virket af kunstnere fra latinske (spanske, latinamerikanske) traditioner p\u00e5 London Drama School i Storbritannien. Han fokuserede p\u00e5 at skabe v\u00e6rker centreret omkring fysisk komik og klovneri.<\/p>\n\n\n\n<p class=\"has-text-align-left\">I 2020 tr\u00e6nede han i to \u00e5r p\u00e5 Berlin Mime School, hvor han studerede fysisk bev\u00e6gelse og udtryk gennem et pensum centreret om Jacques Lecoqs mimeteknikker. Han analyserede og \u00f8vede ogs\u00e5 forskellige stumfilm (Charlie Chaplin, Buster Keaton, Jacques Tati, Laurel og Hardy, Jerry Lewis, Marx Brothers osv.) og skabte sketches.<\/p>\n\n\n\n<p class=\"has-text-align-left\"><br>Gennem dette forsker han l\u00f8bende i og udvikler skuespil- og bev\u00e6gelsesstilarter, der passer til ham, samt udtryk, der er egnede til nonverbal kommunikation, til sin unikke m\u00e5de at kombinere magi og stumfilmkomedie p\u00e5.<\/p>\n\n\n\n<p class=\"has-text-align-left\"><br>I 2025 vandt han andenpr\u00e6mien ved FISM ITLAY WCM (World Championship of Magic) 2025 i kategorien gadetrylleri.<\/p>\n","protected":false},"excerpt":{"rendered":"<p>Jay begyndte sin karriere som tryllekunstner i en alder af 16 \u00e5r,. I en alder af 17 \u00e5r blev Jay tilbudt en l\u00e6replads hos et trylleunderholdningsfirma, hvor han kunne finpudse [&#8230;]<\/p>\n<p><a rel=\"bookmark\" class=\"more-link button\" href=\"https:\/\/jpconjuring.co.uk\/da\/biography\/\">Continue reading &rarr;<\/a><\/p>\n","protected":false},"author":1,"featured_media":0,"parent":0,"menu_order":0,"comment_status":"closed","ping_status":"closed","template":"page-templates\/full-width.php","meta":{"footnotes":""},"class_list":["post-41","page","type-page","status-publish","hentry","no-thumbnail"],"translation":{"provider":"WPGlobus","version":"3.0.2","language":"da","enabled_languages":["en","de","fr","es","it","ko","pt","pl","da"],"languages":{"en":{"title":true,"content":true,"excerpt":false},"de":{"title":true,"content":true,"excerpt":false},"fr":{"title":true,"content":true,"excerpt":false},"es":{"title":true,"content":true,"excerpt":false},"it":{"title":true,"content":true,"excerpt":false},"ko":{"title":true,"content":true,"excerpt":false},"pt":{"title":true,"content":true,"excerpt":false},"pl":{"title":true,"content":true,"excerpt":false},"da":{"title":true,"content":true,"excerpt":false}}},"_links":{"self":[{"href":"https:\/\/jpconjuring.co.uk\/da\/wp-json\/wp\/v2\/pages\/41","targetHints":{"allow":["GET"]}}],"collection":[{"href":"https:\/\/jpconjuring.co.uk\/da\/wp-json\/wp\/v2\/pages"}],"about":[{"href":"https:\/\/jpconjuring.co.uk\/da\/wp-json\/wp\/v2\/types\/page"}],"author":[{"embeddable":true,"href":"https:\/\/jpconjuring.co.uk\/da\/wp-json\/wp\/v2\/users\/1"}],"replies":[{"embeddable":true,"href":"https:\/\/jpconjuring.co.uk\/da\/wp-json\/wp\/v2\/comments?post=41"}],"version-history":[{"count":56,"href":"https:\/\/jpconjuring.co.uk\/da\/wp-json\/wp\/v2\/pages\/41\/revisions"}],"predecessor-version":[{"id":6028,"href":"https:\/\/jpconjuring.co.uk\/da\/wp-json\/wp\/v2\/pages\/41\/revisions\/6028"}],"wp:attachment":[{"href":"https:\/\/jpconjuring.co.uk\/da\/wp-json\/wp\/v2\/media?parent=41"}],"curies":[{"name":"wp","href":"https:\/\/api.w.org\/{rel}","templated":true}]}}