{"id":47,"date":"2017-12-14T21:57:58","date_gmt":"2017-12-14T20:57:58","guid":{"rendered":"https:\/\/jpconjuring.co.uk\/?page_id=47"},"modified":"2024-11-04T03:39:44","modified_gmt":"2024-11-04T03:39:44","slug":"performance","status":"publish","type":"page","link":"https:\/\/jpconjuring.co.uk\/da\/performance\/","title":{"rendered":"Optr\u00e6dener"},"content":{"rendered":"<div class=\"pt-cv-wrapper\"><div class=\"pt-cv-view pt-cv-grid pt-cv-colsys\" id=\"pt-cv-view-84b50f36tz\"><div data-id=\"pt-cv-page-1\" class=\"pt-cv-page\" data-cvc=\"2\"><div class=\"col-md-6 col-sm-6 col-xs-12 pt-cv-content-item pt-cv-1-col\" ><div class='pt-cv-ifield'><div class=\"pt-cv-content\">\n<h2 class=\"wp-block-heading has-medium-font-size\"><strong>&#8220;Det betyder ikke noget, hvor du kommer fra, eller hvilket sprog du taler. Vi er alle lige som mennesker. Vi fortjener at v\u00e6re glade og grine hver dag, uden sprogbarrierer.&#8221;<\/strong><\/h2>\n\n\n<div class=\"wp-block-image is-resized\">\n<figure class=\"aligncenter\"><img loading=\"lazy\" decoding=\"async\" width=\"640\" height=\"960\" src=\"https:\/\/jpconjuring.co.uk\/wp-content\/uploads\/slider2\/TheCharmingJAY-7-640x960.jpeg\" alt=\"\" class=\"wp-image-1380\" srcset=\"https:\/\/jpconjuring.co.uk\/wp-content\/uploads\/slider2\/TheCharmingJAY-7-640x960.jpeg 640w, https:\/\/jpconjuring.co.uk\/wp-content\/uploads\/slider2\/TheCharmingJAY-7-200x300.jpeg 200w, https:\/\/jpconjuring.co.uk\/wp-content\/uploads\/slider2\/TheCharmingJAY-7-768x1152.jpeg 768w, https:\/\/jpconjuring.co.uk\/wp-content\/uploads\/slider2\/TheCharmingJAY-7-1024x1536.jpeg 1024w, https:\/\/jpconjuring.co.uk\/wp-content\/uploads\/slider2\/TheCharmingJAY-7-1365x2048.jpeg 1365w, https:\/\/jpconjuring.co.uk\/wp-content\/uploads\/slider2\/TheCharmingJAY-7-247x370.jpeg 247w, https:\/\/jpconjuring.co.uk\/wp-content\/uploads\/slider2\/TheCharmingJAY-7-667x1000.jpeg 667w, https:\/\/jpconjuring.co.uk\/wp-content\/uploads\/slider2\/TheCharmingJAY-7-410x615.jpeg 410w, https:\/\/jpconjuring.co.uk\/wp-content\/uploads\/slider2\/TheCharmingJAY-7-853x1280.jpeg 853w, https:\/\/jpconjuring.co.uk\/wp-content\/uploads\/slider2\/TheCharmingJAY-7-scaled.jpeg 1707w\" sizes=\"auto, (max-width: 640px) 100vw, 640px\" \/><\/figure><\/div>\n\n\n<p class=\"has-text-align-center\"><em><strong>The Charming JAY &#8220;TRICK OR TREAT !!&#8221;<\/strong><\/em><\/p>\n\n\n\n<p class=\"has-text-align-left\">Uventede uheld f\u00e5r publikum til at grine! Den drillesyge tryllekunstner, The Charming Jay, f\u00e6ngsler publikum med sin charmerende humor!<\/p>\n\n\n\n<p class=\"has-text-align-left\">Den charmerende Jays trylletricks fungerer ikke altid perfekt. Hver gang han kommer p\u00e5 scenen, fors\u00f8ger han at rette sine fejl, hvilket f\u00e5r publikum til at grine. Selvom han udadtil foregiver at v\u00e6re en cool og fejlfri tryllekunstner, v\u00e6kker hans klodsethed og komiske p\u00e5fund sympati og skaber en forbindelse til publikum.<\/p>\n\n\n\n<p class=\"has-text-align-left\">Forestillingen er ordl\u00f8s og baserer sig udelukkende p\u00e5 bev\u00e6gelser og gestik. Jay, der har charmen af en stumfilmstjerne, fuldender forestillingen ved at interagere med publikum. Uanset om tryllekunsten lykkes eller ej, er det ikke perfektion, der t\u00e6ller, men den \u00e6gte latter og menneskelige forbindelse, der opst\u00e5r under forestillingen.<\/p>\n\n\n\n<p class=\"has-text-align-left\">Fra forberedelserne til finalen bliver publikum hovedpersonerne i historien, ikke bare tilskuere. Improviserede og humoristiske episoder skabt med publikums deltagelse udg\u00f8r kernen i forestillingen og skaber en ny fort\u00e6lling. Dette v\u00e6rk overskrider sproglige og kulturelle barrierer for at dele universelle menneskelige f\u00f8lelser og tilbyder en unik oplevelse, der afsl\u00f8rer essensen af kommunikation.<\/p>\n<\/div><\/div><\/div>\n<div class=\"col-md-6 col-sm-6 col-xs-12 pt-cv-content-item pt-cv-1-col\" ><div class='pt-cv-ifield'><div class=\"pt-cv-content\">\n<p class=\"has-text-align-center\"><strong>Hvorfor jeg lavede og blev ved med at lave dette show?<\/strong><\/p>\n\n\n\n<p class=\"has-text-align-left\">Da jeg lige var flyttet til Storbritannien (i 2014), f\u00f8lte jeg mig ret utilpas, n\u00e5r jeg s\u00e5 serier p\u00e5 grund af sproget, men jeg tror ikke, det er det eneste problem for mig, s\u00e5 fra det \u00f8jeblik fors\u00f8gte jeg at lave en stille serie uden sprog, alder, hudfarve&#8230; Ogs\u00e5 for at understrege, at vi skal f\u00f8le, n\u00e5r vi nyder noget, i stedet for at t\u00e6nke for meget over det.<\/p>\n\n\n\n<p class=\"has-text-align-center\"><strong>Kreativ intention<\/strong><\/p>\n\n\n\n<p class=\"has-text-align-left\">Sprog er mere end blot et kommunikationsredskab; det er et vigtigt middel til at udtrykke identitet, der resonerer med bestemte folkeslag og kulturer. Alligevel har sprogbarrierer ofte delt os og trukket gr\u00e6nser. Dette v\u00e6rk formidler vigtigheden af at dele universelle menneskelige f\u00f8lelser, der overskrider forskelle i sprog, race og kultur.<\/p>\n\n\n\n<p class=\"has-text-align-left\">N\u00e5r vi ser film eller forestillinger, er vores blik ofte rettet mod undertekster, hvilket forhindrer os i fuldt ud at opleve skuespillernes pr\u00e6stationer og f\u00f8lelser. Dette tyder p\u00e5, at essensen af kommunikation ikke ligger i sproget, men i universelle menneskelige f\u00f8lelser. Derfor s\u00f8ger dette v\u00e6rk at dele menneskelige f\u00f8lelser frit ved at overskride sprogets begr\u00e6nsninger gennem kommunikation best\u00e5ende af gestik, udtryk og handlinger.<\/p>\n\n\n\n<p class=\"has-text-align-left\">Gennem \u00f8jeblikke af \u00e6gte menneskelighed og latter, der ikke opst\u00e5r fra perfektion, men fra fejl, oplever publikum, hvordan gr\u00e6nserne mellem scenen og salen opl\u00f8ses. Denne forestilling ligger ikke i kommunikationsteknik, men i genopdagelsen af den humanistiske v\u00e6rdi ved at dele menneskelige f\u00f8lelser og processen med at skabe en historie sammen med publikum.<\/p>\n\n\n\n<p class=\"has-text-align-center\"><strong>Synopsis<\/strong><\/p>\n\n\n\n<p class=\"has-text-align-left\">Den sydkoreanske tryllekunstner JAY.P glider ind i rollen som den charmerende Jay \u2013 en karakter, der elsker klassisk magi og excentrisk jazz. Han er en ydmyg tryllekunstner med ekstraordin\u00e6re evner. Men hver gang han fors\u00f8ger at udf\u00f8re et trick, mislykkes det. Hvis han derefter fors\u00f8ger at d\u00e6kke over sin fejl, sker der noget andet meningsl\u00f8st for ham. Is\u00e6r n\u00e5r der er et stort publikum omkring scenen. N\u00e5r publikum ser n\u00e6rmere efter, indser de, at dette ikke er en tilf\u00e6ldig tryllekunstner, men snarere en klovn, der ser ud til at v\u00e6re sprunget ud af stumfilmens \u00e6ra.<\/p>\n\n\n\n<p class=\"has-text-align-left\">Denne forestilling er ikke kun trylleri. \u203aTRICK OR TREAT\u2039 er en kunstners livshistorie, fortalt gennem The Charming JAYs uventede fejl, latter og menneskelige relationer.<\/p>\n\n\n\n<p class=\"has-text-align-center\"><strong>Referencer<\/strong><\/p>\n\n\n\n<p class=\"has-text-align-left\">Jeg startede med klassisk magi og studerede komedie og klovneri gennem workshops og undervisning af latinamerikanske (spanske og latinamerikanske) kunstnere p\u00e5 dramaskoler i London, England. Derudover tr\u00e6nede jeg i to \u00e5r p\u00e5 Berlins Contemporary Centre (Art House Berlin) baseret p\u00e5 Jacques Lecoqs mimeteknik, hvor jeg forskede i kropsbev\u00e6gelser og udtryk. Derudover analyserede og \u00f8vede jeg mig i forskellige stumfilm (Charlie Chaplin, Buster Keaton, Jacques Tati, Laurel og Hardy, Jerry Lewis, Marx Brothers osv.) for at analysere og \u00f8ve mig i at unders\u00f8ge og udvikle skuespil og bev\u00e6gelser, der passede til hende, sammen med nonverbal udtryk.<\/p>\n\n\n\n<p class=\"has-text-align-center\"><strong>Hvad ser vi frem til i denne serie?<\/strong><\/p>\n\n\n\n<p class=\"has-text-align-center\"><strong>Teoretisk<\/strong><\/p>\n\n\n\n<p class=\"has-text-align-left\"><strong>1. Mangfoldighed<\/strong><\/p>\n\n\n\n<p class=\"has-text-align-left\">Det er tydeligt, at dette show ikke er relateret til nogen kulturel baggrund, men det er forbundet med en bestemt holdning, der g\u00f8r en lille forskel.<\/p>\n\n\n\n<p class=\"has-text-align-left\">Karakteren opf\u00f8rer sig som en person, der f\u00f8lger asiaternes kulturelle m\u00e5der og tankegang. N\u00e5r karakteren blander sig med forestillingens koncept, rekvisitter og p\u00e5kl\u00e6dning, der ikke tilh\u00f8rer den asiatiske kultur, f\u00e5r det publikum til at f\u00f8le, at selvom vi kan skelnes fra hinanden i udseende, er vi alle ens som menneskerace. Desuden giver det publikum en id\u00e9 om lighed og mangfoldighed i verden.<\/p>\n\n\n\n<p class=\"has-text-align-left\"><strong>2. Menneskelighed<\/strong><\/p>\n\n\n\n<p class=\"has-text-align-left\">Denne forestilling g\u00e5r ud over ren magi og inkluderer dialog gennem gestik og kropssprog, fysisk komik og musik. Vi ser alle forskellige ud. Men hudfarve, alder, kulturel baggrund eller oprindelsessted betyder ikke noget. Fordi vi alle er mennesker, formidler \u00bbThe Charming Jay\u00ab til publikum budskabet om, at n\u00e5r vi f\u00f8ler menneskelighed sammen, er vi alle ens. Derfor foreg\u00e5r kommunikationen med publikum gennem hele forestillingen uden ord, udelukkende gennem kropssprog, udtryksfulde gestik og f\u00e6lles vejrtr\u00e6kning.<\/p>\n\n\n\n<p class=\"has-text-align-center\"><strong>Praktisk<\/strong><\/p>\n\n\n\n<p class=\"has-text-align-left\"><strong>1. Forskellige stemninger i shows (dag og nat)<\/strong><\/p>\n\n\n\n<p class=\"has-text-align-left\">Showet i dagtimerne er mere fokuseret p\u00e5 fysisk komik og improvisation. Vi griner og undrer os alle i uforudsigelige situationer. Nogle gange l\u00f8ber tingene l\u00f8bsk, og vi fjoller rundt som i en gammel stumfilm. S\u00e5 publikum kan m\u00e6rke en mere munter og positiv energi.<\/p>\n\n\n\n<p class=\"has-text-align-left\">Men om aftenen, n\u00e5r himlen bliver midnatsbl\u00e5, er &#8220;The Charming JAY&#8221; i en hyggelig og varm stemning.<\/p>\n\n\n\n<p class=\"has-text-align-left\">Det er ikke en del af en h\u00f8jenergisk, storsl\u00e5et finale som et ildshow, men for nogle mennesker, der \u00f8nsker at slappe af om aftenen og afslutte dagen med afslapning, er &#8220;The Charming JAY&#8221; den, der giver publikum et varmt kram og et hyggeligt smil. I den k\u00f8lige nat med varm energi, ligesom natten, kaldte vi det en dag.<\/p>\n\n\n\n<p class=\"has-text-align-left\"><strong>2. M\u00e5ling af seertal<\/strong><\/p>\n\n\n\n<p class=\"has-text-align-left\">Programmet &#8220;The Charming JAY&#8221; indeholder ingen farlige rekvisitter. Det betyder, at sikkerhedslinjem\u00e5lingen er fleksibel. Desuden afh\u00e6nger rutinen i showet af afstanden mellem den optr\u00e6dende og publikum. Kort sagt, fra et lille publikum (10-20 personer) til et stort publikum (mere end 300 personer), alt kan h\u00e5ndteres af situationen og rummet.<\/p>\n\n\n\n<p class=\"has-text-align-left\"><strong>3. Tag det seri\u00f8st og ansvarligt.<\/strong><\/p>\n\n\n\n<p class=\"has-text-align-left\">Jeg har optr\u00e5dt mere end 10.000 gange i europ\u00e6iske regioner p\u00e5 omkring 60 festivaler og p\u00e5 Covent Garden i London som professionel performer. I l\u00f8bet af denne tid har jeg ikke v\u00e6ret involveret i nogen ulykker eller for\u00e5rsaget alvorlige problemer med publikum.<\/p>\n\n\n\n<p class=\"has-text-align-left\">Jeg er altid klar p\u00e5 spillestedet 2 timer f\u00f8r showet, hvor jeg tjekker spillestedet, den tekniske side og finder den bedste m\u00e5de at pr\u00e6sentere showet for publikum p\u00e5.<\/p>\n\n\n\n<p class=\"has-text-align-left\">Og selv hvis jeg kommer til skade under en optr\u00e6den, kan jeg stadig optr\u00e6de siddende eller s\u00e6tte tempoet ned (undtagen ved alvorlige medicinske problemer).<\/p>\n\n\n\n<p class=\"has-text-align-left\"><strong>4. Fleksibilitet og tilpasningsevne<\/strong><\/p>\n\n\n\n<p class=\"has-text-align-left\">P\u00e5 grund af den n\u00f8dvendige multitasking p\u00e5 festivaler er jeg fleksibel og f\u00f8lger festivalorganisationens mulige oml\u00e6gninger og \u00e6ndringer af spillestedet.<\/p>\n\n\n\n<p class=\"has-text-align-left\">Der er ingen begr\u00e6nsninger for at forts\u00e6tte med forestillingen, bortset fra kraftig regn.<\/p>\n\n\n\n<p class=\"has-text-align-left\">Hvis det er en kraftig regnvejrsdag, kan showet flyttes til et indend\u00f8rs sted, og hvis det er tilpasningsdygtigt vejr som en smule vind eller kortvarig regn, kan min forestilling finde sted under en stor paraply.<\/p>\n\n\n\n<p class=\"has-text-align-left\"><\/p>\n<\/div><\/div><\/div><\/div><\/div><\/div>\n","protected":false},"excerpt":{"rendered":"","protected":false},"author":1,"featured_media":0,"parent":0,"menu_order":0,"comment_status":"closed","ping_status":"closed","template":"page-templates\/full-width.php","meta":{"footnotes":""},"class_list":["post-47","page","type-page","status-publish","hentry","no-thumbnail"],"translation":{"provider":"WPGlobus","version":"3.0.2","language":"da","enabled_languages":["en","de","fr","es","it","ko","pt","pl","da"],"languages":{"en":{"title":true,"content":true,"excerpt":false},"de":{"title":true,"content":true,"excerpt":false},"fr":{"title":true,"content":false,"excerpt":false},"es":{"title":true,"content":false,"excerpt":false},"it":{"title":true,"content":false,"excerpt":false},"ko":{"title":true,"content":false,"excerpt":false},"pt":{"title":true,"content":false,"excerpt":false},"pl":{"title":true,"content":false,"excerpt":false},"da":{"title":true,"content":false,"excerpt":false}}},"_links":{"self":[{"href":"https:\/\/jpconjuring.co.uk\/da\/wp-json\/wp\/v2\/pages\/47","targetHints":{"allow":["GET"]}}],"collection":[{"href":"https:\/\/jpconjuring.co.uk\/da\/wp-json\/wp\/v2\/pages"}],"about":[{"href":"https:\/\/jpconjuring.co.uk\/da\/wp-json\/wp\/v2\/types\/page"}],"author":[{"embeddable":true,"href":"https:\/\/jpconjuring.co.uk\/da\/wp-json\/wp\/v2\/users\/1"}],"replies":[{"embeddable":true,"href":"https:\/\/jpconjuring.co.uk\/da\/wp-json\/wp\/v2\/comments?post=47"}],"version-history":[{"count":31,"href":"https:\/\/jpconjuring.co.uk\/da\/wp-json\/wp\/v2\/pages\/47\/revisions"}],"predecessor-version":[{"id":3589,"href":"https:\/\/jpconjuring.co.uk\/da\/wp-json\/wp\/v2\/pages\/47\/revisions\/3589"}],"wp:attachment":[{"href":"https:\/\/jpconjuring.co.uk\/da\/wp-json\/wp\/v2\/media?parent=47"}],"curies":[{"name":"wp","href":"https:\/\/api.w.org\/{rel}","templated":true}]}}