{"id":37,"date":"2017-12-14T21:53:43","date_gmt":"2017-12-14T20:53:43","guid":{"rendered":"https:\/\/jpconjuring.co.uk\/?page_id=37"},"modified":"2025-10-17T21:08:55","modified_gmt":"2025-10-17T20:08:55","slug":"description","status":"publish","type":"page","link":"https:\/\/jpconjuring.co.uk\/de\/","title":{"rendered":"Beschreibung"},"content":{"rendered":"<p style=\"text-align: center;\"><\/p>\n<p style=\"text-align: left;\">Der aus S\u00fcdkorea stammende Zauberk\u00fcnstler JAY.P schl\u00fcpft in dieser Darbietung in die Rolle &#8220;The Charming Jay&#8221; \u2013 eine Figur, die klassische Zauberei und exzentrischen Jazz mag. Er ist ein sanftm\u00fctiger Zauberer mit au\u00dferordentlichem K\u00f6nnen. Doch jedes Mal, wenn er versucht, einen Trick vorzuf\u00fchren, misslingt es ihm. Wenn er dann seinen Fehler vertuschen m\u00f6chte, passiert ihm eine weitere Schusseligkeit. Insbesondere, wenn sich ein gro\u00dfes Publikum um seine B\u00fchne tummelt. Bei n\u00e4herem Hinschauen erkennen die Zuschauer, dass hier kein l\u00e4ssiger Zauberer steht, sondern eher ein Clown, der der Stummfilmzeit entsprungen zu sein scheint<\/p>\n","protected":false},"excerpt":{"rendered":"<p>Der aus S\u00fcdkorea stammende Zauberk\u00fcnstler JAY.P schl\u00fcpft in dieser Darbietung in die Rolle &#8220;The Charming Jay&#8221; \u2013 eine Figur, die klassische Zauberei und exzentrischen Jazz mag. Er ist ein sanftm\u00fctiger [&#8230;]<\/p>\n<p><a rel=\"bookmark\" class=\"more-link button\" href=\"https:\/\/jpconjuring.co.uk\/de\/\">Continue reading &rarr;<\/a><\/p>\n","protected":false},"author":1,"featured_media":0,"parent":0,"menu_order":0,"comment_status":"closed","ping_status":"closed","template":"page-templates\/full-width.php","meta":{"footnotes":""},"class_list":["post-37","page","type-page","status-publish","hentry","no-thumbnail"],"translation":{"provider":"WPGlobus","version":"3.0.2","language":"de","enabled_languages":["en","de","fr","es","it","ko","pt","pl","da"],"languages":{"en":{"title":true,"content":true,"excerpt":false},"de":{"title":true,"content":true,"excerpt":false},"fr":{"title":true,"content":true,"excerpt":false},"es":{"title":true,"content":true,"excerpt":false},"it":{"title":true,"content":true,"excerpt":false},"ko":{"title":true,"content":true,"excerpt":false},"pt":{"title":true,"content":true,"excerpt":false},"pl":{"title":true,"content":true,"excerpt":false},"da":{"title":true,"content":true,"excerpt":false}}},"_links":{"self":[{"href":"https:\/\/jpconjuring.co.uk\/de\/wp-json\/wp\/v2\/pages\/37","targetHints":{"allow":["GET"]}}],"collection":[{"href":"https:\/\/jpconjuring.co.uk\/de\/wp-json\/wp\/v2\/pages"}],"about":[{"href":"https:\/\/jpconjuring.co.uk\/de\/wp-json\/wp\/v2\/types\/page"}],"author":[{"embeddable":true,"href":"https:\/\/jpconjuring.co.uk\/de\/wp-json\/wp\/v2\/users\/1"}],"replies":[{"embeddable":true,"href":"https:\/\/jpconjuring.co.uk\/de\/wp-json\/wp\/v2\/comments?post=37"}],"version-history":[{"count":122,"href":"https:\/\/jpconjuring.co.uk\/de\/wp-json\/wp\/v2\/pages\/37\/revisions"}],"predecessor-version":[{"id":5982,"href":"https:\/\/jpconjuring.co.uk\/de\/wp-json\/wp\/v2\/pages\/37\/revisions\/5982"}],"wp:attachment":[{"href":"https:\/\/jpconjuring.co.uk\/de\/wp-json\/wp\/v2\/media?parent=37"}],"curies":[{"name":"wp","href":"https:\/\/api.w.org\/{rel}","templated":true}]}}