{"id":41,"date":"2017-12-14T21:57:22","date_gmt":"2017-12-14T20:57:22","guid":{"rendered":"https:\/\/jpconjuring.co.uk\/?page_id=41"},"modified":"2025-10-20T12:27:48","modified_gmt":"2025-10-20T11:27:48","slug":"biography","status":"publish","type":"page","link":"https:\/\/jpconjuring.co.uk\/de\/biography\/","title":{"rendered":"Biographie"},"content":{"rendered":"\n<p class=\"has-text-align-left\">Jay begann seine Karriere als Zauberer im Alter von 16 Jahren.<\/p>\n\n\n\n<p class=\"has-text-align-left\">Mit 17 Jahren erhielt Jay ein Praktikum bei einer Zauber-Entertainment-Firma, wo er seine F\u00e4higkeiten in der Gesellschaft erfahrener Zauberer verfeinern und professionelle Techniken und Showmanship erlernen konnte.<\/p>\n\n\n\n<p class=\"has-text-align-left\">Mit 20 arbeitete er bereits an der Seite seiner Lehrer und unterrichtete selbst angehende Zauberer.<\/p>\n\n\n\n<p class=\"has-text-align-left\">Au\u00dferdem begann er, sich mit der Kunst der Zauberei auseinanderzusetzen, indem er seine eigenen Illusionen von Grund auf entwickelte und dieses Fachwissen dann an Zauberer weitergab, die gerade erst in diesem Gesch\u00e4ft anfingen.<\/p>\n\n\n\n<p class=\"has-text-align-left\">Jay diente zwei Jahre lang beim Milit\u00e4r, fand aber dennoch Gelegenheit, einigen seiner Kameraden Zaubertricks beizubringen, und wurde gebeten, seine F\u00e4higkeiten bei milit\u00e4rischen Zeremonien vor hochrangigen Offizieren zu demonstrieren.<\/p>\n\n\n\n<p class=\"has-text-align-left\">Nach seinem Milit\u00e4rdienst nahm er seine Karriere als professioneller Zauberer, Illusionsbauer und Lehrer\/Mentor f\u00fcr angehende Zauberer wieder auf.<\/p>\n\n\n\n<p class=\"has-text-align-left\">Au\u00dferdem wurde er als Zauberberater f\u00fcr den Film \u201eThe Magician\u201c (2015) engagiert. Er brachte den Hauptdarstellern Zaubertricks bei, entwickelte die Sequenzen, baute die Illusionen und fungierte bei einigen der schwierigeren Manipulationen als \u201emagischer\u201c Handdouble f\u00fcr den Hauptdarsteller.<\/p>\n\n\n\n<p class=\"has-text-align-left\">Er begann 2015 auf den Stra\u00dfen von Londons Covent Garden aufzutreten und studierte von 2016 bis 2018 zwei Jahre lang an einer Schauspielschule in London, Gro\u00dfbritannien, wo er an Street-Art-Festivals und Stra\u00dfenauff\u00fchrungen in ganz Gro\u00dfbritannien teilnahm. <\/p>\n\n\n\n<p class=\"has-text-align-left\">Anschlie\u00dfend zog er 2019 nach Berlin und trat bei Street-Art-Festivals und Theaterfestivals in Deutschland und deutschsprachigen Regionen auf.<br><\/p>\n\n\n\n<p class=\"has-text-align-left\">Seit 2019 nimmt er an Stra\u00dfenkunst- und Theaterfestivals in ganz Europa teil. Ab 2022 weitete er seine Aktivit\u00e4ten auf Ozeanien, Nordamerika und den Nahen Osten aus.<br><\/p>\n\n\n\n<p class=\"has-text-align-left\">Ausgehend von der klassischen Zauberei wurde er an der London Drama School in Gro\u00dfbritannien von K\u00fcnstlern aus lateinamerikanischen Traditionen (Spanien, Lateinamerika) beeinflusst. Er konzentrierte sich auf die Schaffung von Werken, die sich um physische Comedy-Darbietungen und Clownerien drehten.<\/p>\n\n\n\n<p class=\"has-text-align-left\"><br>Im Jahr 2020 absolvierte er eine zweij\u00e4hrige Ausbildung an der Berliner Mimeschule, wo er k\u00f6rperliche Bewegung und Ausdruck auf der Grundlage eines Lehrplans studierte, der sich auf die mimischen Techniken von Jacques Lecoq konzentrierte. Au\u00dferdem analysierte und \u00fcbte er verschiedene Stummfilme (Charlie Chaplin, Buster Keaton, Jacques Tati, Laurel und Hardy, Jerry Lewis, die Marx Brothers usw.) und schuf Sketche.<\/p>\n\n\n\n<p class=\"has-text-align-left\">Auf diese Weise erforscht und entwickelt er kontinuierlich Schauspiel- und Bewegungsstile, die zu ihm passen, sowie Ausdrucksformen, die eine nonverbale Kommunikation erm\u00f6glichen, um seine einzigartige Kombination aus Zauberei und Stummfilmkom\u00f6die zu verwirklichen.<\/p>\n\n\n\n<p class=\"has-text-align-left\">Im Jahr 2025 gewann er den zweiten Preis bei der FISM ITLAY WCM (World Championship of Magic) 2025 in der Kategorie Stra\u00dfenzauberei.<\/p>\n","protected":false},"excerpt":{"rendered":"<p>Jay begann seine Karriere als Zauberer im Alter von 16 Jahren. Mit 17 Jahren erhielt Jay ein Praktikum bei einer Zauber-Entertainment-Firma, wo er seine F\u00e4higkeiten in der Gesellschaft erfahrener Zauberer [&#8230;]<\/p>\n<p><a rel=\"bookmark\" class=\"more-link button\" href=\"https:\/\/jpconjuring.co.uk\/de\/biography\/\">Continue reading &rarr;<\/a><\/p>\n","protected":false},"author":1,"featured_media":0,"parent":0,"menu_order":0,"comment_status":"closed","ping_status":"closed","template":"page-templates\/full-width.php","meta":{"footnotes":""},"class_list":["post-41","page","type-page","status-publish","hentry","no-thumbnail"],"translation":{"provider":"WPGlobus","version":"3.0.2","language":"de","enabled_languages":["en","de","fr","es","it","ko","pt","pl","da"],"languages":{"en":{"title":true,"content":true,"excerpt":false},"de":{"title":true,"content":true,"excerpt":false},"fr":{"title":true,"content":true,"excerpt":false},"es":{"title":true,"content":true,"excerpt":false},"it":{"title":true,"content":true,"excerpt":false},"ko":{"title":true,"content":true,"excerpt":false},"pt":{"title":true,"content":true,"excerpt":false},"pl":{"title":true,"content":true,"excerpt":false},"da":{"title":true,"content":true,"excerpt":false}}},"_links":{"self":[{"href":"https:\/\/jpconjuring.co.uk\/de\/wp-json\/wp\/v2\/pages\/41","targetHints":{"allow":["GET"]}}],"collection":[{"href":"https:\/\/jpconjuring.co.uk\/de\/wp-json\/wp\/v2\/pages"}],"about":[{"href":"https:\/\/jpconjuring.co.uk\/de\/wp-json\/wp\/v2\/types\/page"}],"author":[{"embeddable":true,"href":"https:\/\/jpconjuring.co.uk\/de\/wp-json\/wp\/v2\/users\/1"}],"replies":[{"embeddable":true,"href":"https:\/\/jpconjuring.co.uk\/de\/wp-json\/wp\/v2\/comments?post=41"}],"version-history":[{"count":56,"href":"https:\/\/jpconjuring.co.uk\/de\/wp-json\/wp\/v2\/pages\/41\/revisions"}],"predecessor-version":[{"id":6028,"href":"https:\/\/jpconjuring.co.uk\/de\/wp-json\/wp\/v2\/pages\/41\/revisions\/6028"}],"wp:attachment":[{"href":"https:\/\/jpconjuring.co.uk\/de\/wp-json\/wp\/v2\/media?parent=41"}],"curies":[{"name":"wp","href":"https:\/\/api.w.org\/{rel}","templated":true}]}}