{"id":37,"date":"2017-12-14T21:53:43","date_gmt":"2017-12-14T20:53:43","guid":{"rendered":"https:\/\/jpconjuring.co.uk\/?page_id=37"},"modified":"2025-10-17T21:08:55","modified_gmt":"2025-10-17T20:08:55","slug":"description","status":"publish","type":"page","link":"https:\/\/jpconjuring.co.uk\/es\/","title":{"rendered":"Descripci\u00f3n"},"content":{"rendered":"\n\n\n\n<p class=\"has-text-align-left\">El mago surcoreano JAY.P interpreta &#8220;The Charming JAY&#8221;, un personaje que ama la magia cl\u00e1sica y el jazz exc\u00e9ntrico. Es un mago d\u00f3cil con habilidades extraordinarias. Pero cada vez que intenta realizar un truco, fracasa. Si luego intenta disimular su error, ocurre algo a\u00fan m\u00e1s rid\u00edculo. Especialmente cuando hay un gran p\u00fablico alrededor del escenario. Al observarlo m\u00e1s de cerca, el p\u00fablico se da cuenta de que no es un mago cualquiera, sino un payaso que parece salido de la \u00e9poca del cine mudo.<\/p>\n","protected":false},"excerpt":{"rendered":"<p>El mago surcoreano JAY.P interpreta &#8220;The Charming JAY&#8221;, un personaje que ama la magia cl\u00e1sica y el jazz exc\u00e9ntrico. Es un mago d\u00f3cil con habilidades extraordinarias. Pero cada vez que [&#8230;]<\/p>\n<p><a rel=\"bookmark\" class=\"more-link button\" href=\"https:\/\/jpconjuring.co.uk\/es\/\">Continue reading &rarr;<\/a><\/p>\n","protected":false},"author":1,"featured_media":0,"parent":0,"menu_order":0,"comment_status":"closed","ping_status":"closed","template":"page-templates\/full-width.php","meta":{"footnotes":""},"class_list":["post-37","page","type-page","status-publish","hentry","no-thumbnail"],"translation":{"provider":"WPGlobus","version":"3.0.2","language":"es","enabled_languages":["en","de","fr","es","it","ko","pt","pl","da"],"languages":{"en":{"title":true,"content":true,"excerpt":false},"de":{"title":true,"content":true,"excerpt":false},"fr":{"title":true,"content":true,"excerpt":false},"es":{"title":true,"content":true,"excerpt":false},"it":{"title":true,"content":true,"excerpt":false},"ko":{"title":true,"content":true,"excerpt":false},"pt":{"title":true,"content":true,"excerpt":false},"pl":{"title":true,"content":true,"excerpt":false},"da":{"title":true,"content":true,"excerpt":false}}},"_links":{"self":[{"href":"https:\/\/jpconjuring.co.uk\/es\/wp-json\/wp\/v2\/pages\/37","targetHints":{"allow":["GET"]}}],"collection":[{"href":"https:\/\/jpconjuring.co.uk\/es\/wp-json\/wp\/v2\/pages"}],"about":[{"href":"https:\/\/jpconjuring.co.uk\/es\/wp-json\/wp\/v2\/types\/page"}],"author":[{"embeddable":true,"href":"https:\/\/jpconjuring.co.uk\/es\/wp-json\/wp\/v2\/users\/1"}],"replies":[{"embeddable":true,"href":"https:\/\/jpconjuring.co.uk\/es\/wp-json\/wp\/v2\/comments?post=37"}],"version-history":[{"count":122,"href":"https:\/\/jpconjuring.co.uk\/es\/wp-json\/wp\/v2\/pages\/37\/revisions"}],"predecessor-version":[{"id":5982,"href":"https:\/\/jpconjuring.co.uk\/es\/wp-json\/wp\/v2\/pages\/37\/revisions\/5982"}],"wp:attachment":[{"href":"https:\/\/jpconjuring.co.uk\/es\/wp-json\/wp\/v2\/media?parent=37"}],"curies":[{"name":"wp","href":"https:\/\/api.w.org\/{rel}","templated":true}]}}