{"id":41,"date":"2017-12-14T21:57:22","date_gmt":"2017-12-14T20:57:22","guid":{"rendered":"https:\/\/jpconjuring.co.uk\/?page_id=41"},"modified":"2025-10-20T12:27:48","modified_gmt":"2025-10-20T11:27:48","slug":"biography","status":"publish","type":"page","link":"https:\/\/jpconjuring.co.uk\/es\/biography\/","title":{"rendered":"Biograf\u00eda"},"content":{"rendered":"\n<p class=\"has-text-align-left\">Jay comenz\u00f3 su carrera como mago a los 16 a\u00f1os.<\/p>\n\n\n\n<p class=\"has-text-align-left\">A los 17 a\u00f1os, a Jay le ofrecieron un puesto de aprendiz en una empresa de entretenimiento m\u00e1gico, donde pudo perfeccionar sus habilidades junto a magos experimentados y aprender t\u00e9cnicas profesionales y el arte de la actuaci\u00f3n.<\/p>\n\n\n\n<p class=\"has-text-align-left\">A los 20 a\u00f1os, ya trabajaba con sus maestros y ense\u00f1aba \u00e9l mismo a aspirantes a magos.<\/p>\n\n\n\n<p class=\"has-text-align-left\">Tambi\u00e9n comenz\u00f3 a explorar el arte de la magia desarrollando sus propios trucos desde cero y transmitiendo luego esta experiencia a magos que acababan de iniciarse en el negocio.<\/p>\n\n\n\n<p class=\"has-text-align-left\">Jay sirvi\u00f3 en el ej\u00e9rcito durante dos a\u00f1os, pero a\u00fan as\u00ed encontr\u00f3 oportunidades para ense\u00f1ar magia a algunos de sus compa\u00f1eros soldados y se le pidi\u00f3 que demostrara sus habilidades en ceremonias militares ante oficiales de alto rango.<\/p>\n\n\n\n<p class=\"has-text-align-left\">Tras su servicio militar, reanud\u00f3 su carrera como mago profesional, creador de ilusiones y profesor\/mentor de aspirantes a magos.<\/p>\n\n\n\n<p class=\"has-text-align-left\">Tambi\u00e9n fue contratado como consultor de magia para la pel\u00edcula \u00abThe Magician\u00bb (2015). Ense\u00f1\u00f3 trucos de magia a los actores principales, desarroll\u00f3 las secuencias, cre\u00f3 las ilusiones y actu\u00f3 como doble de manos \u00abm\u00e1gicas\u00bb para el actor principal en algunas de las manipulaciones m\u00e1s dif\u00edciles.<\/p>\n\n\n\n<p class=\"has-text-align-left\">Comenz\u00f3 a actuar en las calles de Covent Garden, Londres, en 2015. Estudi\u00f3 en una escuela de arte dram\u00e1tico en Londres, Reino Unido, durante dos a\u00f1os, de 2016 a 2018, y particip\u00f3 en festivales de arte callejero y actuaciones callejeras en todo el Reino Unido. <\/p>\n\n\n\n<p class=\"has-text-align-left\">M\u00e1s tarde, en 2019, se mud\u00f3 a Berl\u00edn, Alemania, donde actu\u00f3 en festivales de arte callejero y festivales de teatro en Alemania y regiones de habla alemana.<br><\/p>\n\n\n\n<p class=\"has-text-align-left\">Desde 2019, ha participado en festivales de teatro y actuaciones callejeras en toda Europa. A partir de 2022, ampli\u00f3 sus actividades a Ocean\u00eda, Am\u00e9rica del Norte y Oriente Medio.<br><\/p>\n\n\n\n<p class=\"has-text-align-left\">Comenz\u00f3 con la magia cl\u00e1sica, pero en la Escuela de Arte Dram\u00e1tico de Londres (Reino Unido) recibi\u00f3 la influencia de artistas de tradiciones latinas (espa\u00f1olas y latinoamericanas). Se centr\u00f3 en la creaci\u00f3n de obras basadas en la comedia f\u00edsica y las actuaciones de payasos.<\/p>\n\n\n\n<p class=\"has-text-align-left\"><br>En 2020, se form\u00f3 durante dos a\u00f1os en la Escuela de M\u00edmica de Berl\u00edn, estudiando el movimiento f\u00edsico y la expresi\u00f3n a trav\u00e9s de un plan de estudios centrado en las t\u00e9cnicas de m\u00edmica de Jacques Lecoq. Tambi\u00e9n analiz\u00f3 y practic\u00f3 varias pel\u00edculas mudas (Charlie Chaplin, Buster Keaton, Jacques Tati, Laurel y Hardy, Jerry Lewis, los hermanos Marx, etc.) y cre\u00f3 sketches.<\/p>\n\n\n\n<p class=\"has-text-align-left\">A trav\u00e9s de ello, investiga y desarrolla continuamente estilos de actuaci\u00f3n y movimiento que se adaptan a \u00e9l, junto con expresiones capaces de comunicaci\u00f3n no verbal para su forma \u00fanica de combinar la magia y la comedia del cine mudo.<\/p>\n\n\n\n<p class=\"has-text-align-left\">En 2025, gan\u00f3 el segundo premio en el FISM ITLAY WCM (Campeonato Mundial de Magia) 2025 en la categor\u00eda de magia callejera.<\/p>\n","protected":false},"excerpt":{"rendered":"<p>Jay comenz\u00f3 su carrera como mago a los 16 a\u00f1os. A los 17 a\u00f1os, a Jay le ofrecieron un puesto de aprendiz en una empresa de entretenimiento m\u00e1gico, donde pudo [&#8230;]<\/p>\n<p><a rel=\"bookmark\" class=\"more-link button\" href=\"https:\/\/jpconjuring.co.uk\/es\/biography\/\">Continue reading &rarr;<\/a><\/p>\n","protected":false},"author":1,"featured_media":0,"parent":0,"menu_order":0,"comment_status":"closed","ping_status":"closed","template":"page-templates\/full-width.php","meta":{"footnotes":""},"class_list":["post-41","page","type-page","status-publish","hentry","no-thumbnail"],"translation":{"provider":"WPGlobus","version":"3.0.2","language":"es","enabled_languages":["en","de","fr","es","it","ko","pt","pl","da"],"languages":{"en":{"title":true,"content":true,"excerpt":false},"de":{"title":true,"content":true,"excerpt":false},"fr":{"title":true,"content":true,"excerpt":false},"es":{"title":true,"content":true,"excerpt":false},"it":{"title":true,"content":true,"excerpt":false},"ko":{"title":true,"content":true,"excerpt":false},"pt":{"title":true,"content":true,"excerpt":false},"pl":{"title":true,"content":true,"excerpt":false},"da":{"title":true,"content":true,"excerpt":false}}},"_links":{"self":[{"href":"https:\/\/jpconjuring.co.uk\/es\/wp-json\/wp\/v2\/pages\/41","targetHints":{"allow":["GET"]}}],"collection":[{"href":"https:\/\/jpconjuring.co.uk\/es\/wp-json\/wp\/v2\/pages"}],"about":[{"href":"https:\/\/jpconjuring.co.uk\/es\/wp-json\/wp\/v2\/types\/page"}],"author":[{"embeddable":true,"href":"https:\/\/jpconjuring.co.uk\/es\/wp-json\/wp\/v2\/users\/1"}],"replies":[{"embeddable":true,"href":"https:\/\/jpconjuring.co.uk\/es\/wp-json\/wp\/v2\/comments?post=41"}],"version-history":[{"count":56,"href":"https:\/\/jpconjuring.co.uk\/es\/wp-json\/wp\/v2\/pages\/41\/revisions"}],"predecessor-version":[{"id":6028,"href":"https:\/\/jpconjuring.co.uk\/es\/wp-json\/wp\/v2\/pages\/41\/revisions\/6028"}],"wp:attachment":[{"href":"https:\/\/jpconjuring.co.uk\/es\/wp-json\/wp\/v2\/media?parent=41"}],"curies":[{"name":"wp","href":"https:\/\/api.w.org\/{rel}","templated":true}]}}