{"id":43,"date":"2017-12-14T21:57:32","date_gmt":"2017-12-14T20:57:32","guid":{"rendered":"https:\/\/jpconjuring.co.uk\/?page_id=43"},"modified":"2025-10-21T12:43:07","modified_gmt":"2025-10-21T11:43:07","slug":"career","status":"publish","type":"page","link":"https:\/\/jpconjuring.co.uk\/es\/career\/","title":{"rendered":"Trayectoria"},"content":{"rendered":"<p><strong><em><u>Premio<\/u><\/em><\/strong><\/p>\n<p>FISM ITALY 2025 World Championship of Magic, Street magic Category, 2nd Prize Award<\/p>\n<p>Stra\u00dfenzauberer(Mago de Calle) Festival St. Wendel, Alemania 2023, Best Comedy Act<\/p>\n<p><strong><em>Mago <\/em><\/strong><\/p>\n<p><em>2005 ~2006 \u00a0\u2013EdumagicEntertainment<\/em><\/p>\n<p><em>\u00a0\u00a0\u00a0\u00a0\u00a0\u00a0\u00a0\u00a0\u00a0\u00a0\u00a0 (Aprendiz) \u00a0\u00a0\u2013 Corea del Sur<\/em><\/p>\n<p><em>2007~ 2008 \u2013 KumamagicEntertainmernt<\/em><\/p>\n<p><em>\u00a0\u00a0\u00a0\u00a0\u00a0\u00a0\u00a0\u00a0\u00a0\u00a0\u00a0 (Mago) \u2013 Corea del Sur<\/em><\/p>\n<p><em>2013 \u2013 Mago en MagicKnok. \u2013 Corea del Sur<\/em><\/p>\n<p><em>2014 \u2013 Mago en IS Magic. \u2013 Corea del Sur<\/em><\/p>\n<p><em>2015~ \u2013 Mago aut\u00f3nomo.<\/em><\/p>\n<p><strong><em>Entrenador de Magia<\/em><\/strong><\/p>\n<p><em>2008 \u2013 Instituto Bosung (Corea del Sur),<\/em><\/p>\n<p><em>2013 \u2013 Mago, asistente de magia en MagicKnok (Corea del Sur)<\/em><\/p>\n<p><em>2014 \u2013 Mago, Magic asistente de magia en IS MAGIC (Corea del Sur)<\/em><\/p>\n<p><em>2013~ 2014 \u2013 Mentor y mentalista en Dalkkum. (Corea del Sur)<\/em><\/p>\n<p><em>2014 \u2013 Asistente de magia en la pel\u00edcula\u201d THE MAGICIAN\u201d (Corea del Sur).<\/em><\/p>\n<p><em>2018 &#8211; El Magia &#8220;Last Christmas&#8221; (Reino Unido)<\/em><\/p>\n<p><strong><em>Miembro de<\/em><\/strong><\/p>\n<p><em>L.S.M (London Society of Magic)<\/em><\/p>\n<p><em>I.M.S (International Magic Society)<\/em><\/p>\n<p><em>S.A.M (Society of American Magician)<\/em><\/p>\n<p><em>MAGIC CIRCLE (Reino Unido) A.I.M.C (\u00c1sociaci\u00f3n del c\u00edrculo m\u00e1gico interno.)<\/em><\/p>\n<p><em>Entrenador de magia en la Sociedad de educaci\u00f3n de magia en Corea del Sur.<\/em><\/p>\n<p><em><strong>Estudios<\/strong><\/em><\/p>\n<p>Rose Bruford College, London, UK &#8220;MA Devised Theatre And Performance&#8221;(Master of Arts)<\/p>\n","protected":false},"excerpt":{"rendered":"<p>Premio FISM ITALY 2025 World Championship of Magic, Street magic Category, 2nd Prize Award Stra\u00dfenzauberer(Mago de Calle) Festival St. Wendel, Alemania 2023, Best Comedy Act Mago 2005 ~2006 \u00a0\u2013EdumagicEntertainment \u00a0\u00a0\u00a0\u00a0\u00a0\u00a0\u00a0\u00a0\u00a0\u00a0\u00a0 [&#8230;]<\/p>\n<p><a rel=\"bookmark\" class=\"more-link button\" href=\"https:\/\/jpconjuring.co.uk\/es\/career\/\">Continue reading &rarr;<\/a><\/p>\n","protected":false},"author":1,"featured_media":0,"parent":0,"menu_order":0,"comment_status":"closed","ping_status":"closed","template":"page-templates\/full-width.php","meta":{"footnotes":""},"class_list":["post-43","page","type-page","status-publish","hentry","no-thumbnail"],"translation":{"provider":"WPGlobus","version":"3.0.2","language":"es","enabled_languages":["en","de","fr","es","it","ko","pt","pl","da"],"languages":{"en":{"title":true,"content":true,"excerpt":false},"de":{"title":true,"content":true,"excerpt":false},"fr":{"title":true,"content":true,"excerpt":false},"es":{"title":true,"content":true,"excerpt":false},"it":{"title":true,"content":true,"excerpt":false},"ko":{"title":true,"content":true,"excerpt":false},"pt":{"title":true,"content":true,"excerpt":false},"pl":{"title":true,"content":true,"excerpt":false},"da":{"title":true,"content":true,"excerpt":false}}},"_links":{"self":[{"href":"https:\/\/jpconjuring.co.uk\/es\/wp-json\/wp\/v2\/pages\/43","targetHints":{"allow":["GET"]}}],"collection":[{"href":"https:\/\/jpconjuring.co.uk\/es\/wp-json\/wp\/v2\/pages"}],"about":[{"href":"https:\/\/jpconjuring.co.uk\/es\/wp-json\/wp\/v2\/types\/page"}],"author":[{"embeddable":true,"href":"https:\/\/jpconjuring.co.uk\/es\/wp-json\/wp\/v2\/users\/1"}],"replies":[{"embeddable":true,"href":"https:\/\/jpconjuring.co.uk\/es\/wp-json\/wp\/v2\/comments?post=43"}],"version-history":[{"count":68,"href":"https:\/\/jpconjuring.co.uk\/es\/wp-json\/wp\/v2\/pages\/43\/revisions"}],"predecessor-version":[{"id":6094,"href":"https:\/\/jpconjuring.co.uk\/es\/wp-json\/wp\/v2\/pages\/43\/revisions\/6094"}],"wp:attachment":[{"href":"https:\/\/jpconjuring.co.uk\/es\/wp-json\/wp\/v2\/media?parent=43"}],"curies":[{"name":"wp","href":"https:\/\/api.w.org\/{rel}","templated":true}]}}