{"id":47,"date":"2017-12-14T21:57:58","date_gmt":"2017-12-14T20:57:58","guid":{"rendered":"https:\/\/jpconjuring.co.uk\/?page_id=47"},"modified":"2024-11-04T03:39:44","modified_gmt":"2024-11-04T03:39:44","slug":"performance","status":"publish","type":"page","link":"https:\/\/jpconjuring.co.uk\/es\/performance\/","title":{"rendered":"Actuaciones"},"content":{"rendered":"<div class=\"pt-cv-wrapper\"><div class=\"pt-cv-view pt-cv-grid pt-cv-colsys\" id=\"pt-cv-view-84b50f36tz\"><div data-id=\"pt-cv-page-1\" class=\"pt-cv-page\" data-cvc=\"2\"><div class=\"col-md-6 col-sm-6 col-xs-12 pt-cv-content-item pt-cv-1-col\" ><div class='pt-cv-ifield'><div class=\"pt-cv-content\">\n<h2 class=\"wp-block-heading has-medium-font-size\"><strong>&#8220;No importa de d\u00f3nde vengas ni qu\u00e9 lengua hables. Todos somos iguales como seres humanos. Merecemos ser felices y re\u00edr cada d\u00eda, sin barreras ling\u00fc\u00edsticas&#8221;.<\/strong><\/h2>\n\n\n<div class=\"wp-block-image is-resized\">\n<figure class=\"aligncenter\"><img loading=\"lazy\" decoding=\"async\" width=\"640\" height=\"960\" src=\"https:\/\/jpconjuring.co.uk\/wp-content\/uploads\/slider2\/TheCharmingJAY-7-640x960.jpeg\" alt=\"\" class=\"wp-image-1380\" srcset=\"https:\/\/jpconjuring.co.uk\/wp-content\/uploads\/slider2\/TheCharmingJAY-7-640x960.jpeg 640w, https:\/\/jpconjuring.co.uk\/wp-content\/uploads\/slider2\/TheCharmingJAY-7-200x300.jpeg 200w, https:\/\/jpconjuring.co.uk\/wp-content\/uploads\/slider2\/TheCharmingJAY-7-768x1152.jpeg 768w, https:\/\/jpconjuring.co.uk\/wp-content\/uploads\/slider2\/TheCharmingJAY-7-1024x1536.jpeg 1024w, https:\/\/jpconjuring.co.uk\/wp-content\/uploads\/slider2\/TheCharmingJAY-7-1365x2048.jpeg 1365w, https:\/\/jpconjuring.co.uk\/wp-content\/uploads\/slider2\/TheCharmingJAY-7-247x370.jpeg 247w, https:\/\/jpconjuring.co.uk\/wp-content\/uploads\/slider2\/TheCharmingJAY-7-667x1000.jpeg 667w, https:\/\/jpconjuring.co.uk\/wp-content\/uploads\/slider2\/TheCharmingJAY-7-410x615.jpeg 410w, https:\/\/jpconjuring.co.uk\/wp-content\/uploads\/slider2\/TheCharmingJAY-7-853x1280.jpeg 853w, https:\/\/jpconjuring.co.uk\/wp-content\/uploads\/slider2\/TheCharmingJAY-7-scaled.jpeg 1707w\" sizes=\"auto, (max-width: 640px) 100vw, 640px\" \/><\/figure><\/div>\n\n\n<p class=\"has-text-align-center\"><strong><em>The Charming JAY &#8220;TRICK OR TREAT !!&#8221;<\/em><\/strong><\/p>\n\n\n\n<p class=\"has-text-align-left\">\u00a1Los errores inesperados provocan risas! El travieso mago, The Charming Jay, cautiva al p\u00fablico con su delicioso humor.<\/p>\n\n\n\n<p class=\"has-text-align-left\">La magia del encantador Jay no siempre sale a la perfecci\u00f3n. Cada vez que sube al escenario, se apresura a recuperarse de sus errores, provocando las risas del p\u00fablico en el proceso. Aunque aparentemente finge ser un mago genial e impecable, su torpeza y sus c\u00f3micas travesuras fomentan la empat\u00eda y la conexi\u00f3n con el p\u00fablico.<\/p>\n\n\n\n<p class=\"has-text-align-left\">Esta actuaci\u00f3n se desarrolla sin palabras, bas\u00e1ndose \u00fanicamente en movimientos y gestos. Jay, que posee el encanto de una estrella del cine mudo, completa el espect\u00e1culo interactuando con el p\u00fablico. Tanto si la magia tiene \u00e9xito como si fracasa, lo que importa no es la perfecci\u00f3n, sino las risas genuinas y la conexi\u00f3n humana que florecen durante el proceso.<\/p>\n\n\n\n<p class=\"has-text-align-left\">Desde la preparaci\u00f3n hasta la conclusi\u00f3n, el p\u00fablico se convierte en el protagonista de la historia, no en meros espectadores. Los episodios improvisados y entretenidos creados a trav\u00e9s de la participaci\u00f3n del p\u00fablico forman el n\u00facleo de la actuaci\u00f3n, tejiendo una nueva narrativa. Esta obra trasciende las barreras ling\u00fc\u00edsticas y culturales para compartir emociones humanas universales, ofreciendo una experiencia \u00fanica que revela la esencia de la comunicaci\u00f3n.<\/p>\n<\/div><\/div><\/div>\n<div class=\"col-md-6 col-sm-6 col-xs-12 pt-cv-content-item pt-cv-1-col\" ><div class='pt-cv-ifield'><div class=\"pt-cv-content\">\n<p class=\"has-text-align-center\"><strong>\u00bfPor qu\u00e9 hice y sigo haciendo este programa?<\/strong><\/p>\n\n\n\n<p class=\"has-text-align-left\">Cuando me acababa de mudar a Reino Unido (en 2014), me sent\u00eda bastante inc\u00f3moda cuando ve\u00eda espect\u00e1culos, debido al idioma, pero no creo que sea el \u00fanico problema para m\u00ed, as\u00ed que desde ese momento, trat\u00e9 de hacer un espect\u00e1culo silencioso, sin lenguaje, edad, color de piel&#8230;. Tambi\u00e9n para enfatizar el sentimiento cuando disfrutamos de algo, en lugar de pensar demasiado en ello.<\/p>\n\n\n\n<p class=\"has-text-align-center\"><strong>Intenci\u00f3n creativa<\/strong><\/p>\n\n\n\n<p class=\"has-text-align-left\">El lenguaje trasciende el mero hecho de ser una herramienta de comunicaci\u00f3n; es un medio fundamental para expresar la identidad, que resuena en pueblos y culturas espec\u00edficos. Sin embargo, las barreras ling\u00fc\u00edsticas a menudo nos han dividido y han trazado fronteras. Esta obra transmite la importancia de compartir emociones humanas universales, trascendiendo las diferencias de idioma, raza y cultura.<\/p>\n\n\n\n<p class=\"has-text-align-left\">Cuando vemos pel\u00edculas o programas, nuestra mirada a menudo se fija en los subt\u00edtulos, lo que nos impide experimentar plenamente las actuaciones y emociones de los actores. Esto sugiere que la esencia de la comunicaci\u00f3n no reside en el lenguaje, sino en las emociones humanas universales. Por lo tanto, esta obra busca compartir libremente las emociones humanas trascendiendo las limitaciones del lenguaje a trav\u00e9s de la comunicaci\u00f3n compuesta por gestos, expresiones y acciones.<\/p>\n\n\n\n<p class=\"has-text-align-left\">A trav\u00e9s de momentos de aut\u00e9ntica humanidad y risas que no surgen de la perfecci\u00f3n, sino de los errores, el p\u00fablico experimenta la disoluci\u00f3n de las fronteras entre el escenario y la sala. Esta actuaci\u00f3n no reside en la t\u00e9cnica de la comunicaci\u00f3n, sino en redescubrir el valor human\u00edstico de compartir las emociones humanas y el proceso de co-crear una historia con el p\u00fablico.<\/p>\n\n\n\n<p class=\"has-text-align-center\"><strong>Sinopsis<\/strong><\/p>\n\n\n\n<p class=\"has-text-align-left\">El mago surcoreano JAY.P interpreta The Charming Jay, un personaje que ama la magia cl\u00e1sica y el jazz exc\u00e9ntrico. Es un mago gentil con habilidades extraordinarias. Pero cada vez que intenta realizar un truco, fracasa. Si luego intenta disimular su error, ocurre algo m\u00e1s rid\u00edculo. Especialmente cuando hay un gran p\u00fablico alrededor del escenario. Al observarlo m\u00e1s de cerca, el p\u00fablico se da cuenta de que no es un mago cualquiera, sino un payaso que parece salido de la \u00e9poca del cine mudo.<\/p>\n\n\n\n<p class=\"has-text-align-left\">Esta actuaci\u00f3n no es mera magia. \u00abTRICK OR TREAT\u00bb es la historia de la vida de un artista, contada a trav\u00e9s de los errores inesperados, las risas y las relaciones humanas The Charming Jay.<\/p>\n\n\n\n<p class=\"has-text-align-center\"><strong>Referencias<\/strong><\/p>\n\n\n\n<p class=\"has-text-align-left\">Empec\u00e9 con la magia cl\u00e1sica y estudi\u00e9 comedia y clown a trav\u00e9s de talleres y bajo la direcci\u00f3n de artistas latinoamericanos (espa\u00f1oles y latinoamericanos) en escuelas de arte dram\u00e1tico en Londres, Inglaterra. Adem\u00e1s, bas\u00e1ndome en la t\u00e9cnica de mimo de Jacques Lecoq, me form\u00e9 durante dos a\u00f1os en el Centro Contempor\u00e1neo de Berl\u00edn (Art House Berlin), investigando el movimiento y la expresi\u00f3n corporal. Tambi\u00e9n analic\u00e9 y practiqu\u00e9 varias pel\u00edculas mudas (Charlie Chaplin, Buster Keaton, Jacques Tati, Laurel y Hardy, Jerry Lewis, los hermanos Marx, etc.) para analizar y practicar, investigando y desarrollando la actuaci\u00f3n y el movimiento que mejor les conven\u00eda, junto con la expresi\u00f3n no verbal.<\/p>\n\n\n\n<p><\/p>\n\n\n\n<p class=\"has-text-align-center\"><strong>Qu\u00e9 esperamos de este espect\u00e1culo<\/strong><\/p>\n\n\n\n<p class=\"has-text-align-center\"><strong>Te\u00f3ricamente<\/strong><\/p>\n\n\n\n<p class=\"has-text-align-left\"><strong>1. Diversidad<\/strong><\/p>\n\n\n\n<p class=\"has-text-align-left\">Obviamente, este espect\u00e1culo no est\u00e1 relacionado con ning\u00fan trasfondo cultural, pero s\u00ed con una actitud espec\u00edfica que marca un poco la diferencia.<\/p>\n\n\n\n<p class=\"has-text-align-left\">El personaje se comporta como una persona que sigue la forma asi\u00e1tica de pensar y actuar. Cuando el personaje se mezcla con el concepto de la serie, el atrezzo y el vestuario, que no pertenecen a la cultura asi\u00e1tica, hace que el p\u00fablico sienta que, aunque nos distinga la apariencia, todos somos iguales como raza humana. Tambi\u00e9n sugiere al p\u00fablico una idea sobre la igualdad y la diversidad en el mundo.<\/p>\n\n\n\n<p class=\"has-text-align-left\"><strong>2. Humanidad<\/strong><\/p>\n\n\n\n<p class=\"has-text-align-left\">Esta actuaci\u00f3n trasciende la mera magia, abarcando el di\u00e1logo a trav\u00e9s de gestos y lenguaje corporal, comedia f\u00edsica y m\u00fasica. Nuestras apariencias son todas diferentes. Sin embargo, el color de la piel, la edad, el origen cultural o el lugar de procedencia no importan. Como todos somos humanos, \u00abThe Charming Jay\u00bb transmite al p\u00fablico el mensaje de que cuando sentimos juntos la humanidad, todos somos iguales. As\u00ed, a lo largo de la representaci\u00f3n, la comunicaci\u00f3n con el p\u00fablico se produce sin palabras, \u00fanicamente a trav\u00e9s del lenguaje corporal, los gestos expresivos y la respiraci\u00f3n compartida.<\/p>\n\n\n\n<p class=\"has-text-align-center\"><strong>pr\u00e1cticamente<\/strong><\/p>\n\n\n\n<p class=\"has-text-align-left\"><strong>1. Diferentes tipos de espect\u00e1culos (diurnos y nocturnos).<\/strong><\/p>\n\n\n\n<p class=\"has-text-align-left\">El espect\u00e1culo diurno se centra m\u00e1s en la comedia f\u00edsica y la improvisaci\u00f3n. Todos nos re\u00edmos y maravillamos juntos en situaciones imprevisibles. A veces nos volvemos locos, enred\u00e1ndonos como en una vieja pel\u00edcula muda. As\u00ed, el p\u00fablico puede sentir una energ\u00eda m\u00e1s alegre y positiva.<\/p>\n\n\n\n<p class=\"has-text-align-left\">Por el contrario, por la noche, cuando el cielo se vuelve azul nocturno, &#8220;The Charming JAY&#8221; transmite una atm\u00f3sfera acogedora y c\u00e1lida.<\/p>\n\n\n\n<p class=\"has-text-align-left\">No es un espect\u00e1culo de gran energ\u00eda y gran final, como los espect\u00e1culos de fuego, por ejemplo, pero para algunas personas que quieren relajarse por la noche y terminar el d\u00eda tranquilamente, &#8220;The Charming JAY&#8221; es la persona que puede dar al p\u00fablico un c\u00e1lido abrazo y una acogedora sonrisa. En la fr\u00eda noche con energ\u00eda c\u00e1lida, como la noche, lo llamamos un d\u00eda.<\/p>\n\n\n\n<p class=\"has-text-align-left\"><strong>2. Medici\u00f3n de la audiencia<\/strong><\/p>\n\n\n\n<p class=\"has-text-align-left\">El espect\u00e1culo &#8220;El Encantador JAY&#8221; no incluye ning\u00fan atrezo peligroso. Esto significa que la medida de la l\u00ednea de seguridad es flexible. Adem\u00e1s, la rutina de actuaci\u00f3n depende de la distancia entre el artista y el p\u00fablico. En resumen, desde una peque\u00f1a multitud (10-20 personas) hasta una gran multitud (m\u00e1s de 300), todo puede manejarse seg\u00fan la situaci\u00f3n y el espacio.<\/p>\n\n\n\n<p class=\"has-text-align-left\"><strong>3. T\u00f3matelo en serio y con responsabilidad.<\/strong><\/p>\n\n\n\n<p class=\"has-text-align-left\">He actuado m\u00e1s de 10.000 veces en regiones europeas a trav\u00e9s de unos 60 festivales y tambi\u00e9n en el Covent garden de Londres como artista profesional. Durante ese tiempo, no he tenido ning\u00fan accidente ni he causado ning\u00fan problema grave con el p\u00fablico.<\/p>\n\n\n\n<p class=\"has-text-align-left\">Siempre estoy preparado 2 horas antes, comprobando el local, los aspectos t\u00e9cnicos y buscando la mejor manera de presentar el espect\u00e1culo al p\u00fablico.<\/p>\n\n\n\n<p class=\"has-text-align-left\">Adem\u00e1s, aunque me lesione durante el espect\u00e1culo, puedo actuar sentado o ralentizando el ritmo del espect\u00e1culo (salvo problemas m\u00e9dicos graves).<\/p>\n\n\n\n<p class=\"has-text-align-left\"><strong>4. Flexibilidad y adaptabilidad<\/strong><\/p>\n\n\n\n<p class=\"has-text-align-left\">Debido a la circunstancia multitarea tan necesaria en los festivales, soy flexible para seguir posibles reprogramaciones y cambios de ubicaci\u00f3n por parte de la organizaci\u00f3n del festival.<\/p>\n\n\n\n<p class=\"has-text-align-left\">No hay restricciones para seguir adelante con la actuaci\u00f3n, excepto en caso de lluvia intensa.<\/p>\n\n\n\n<p class=\"has-text-align-left\">Si el d\u00eda es muy lluvioso, el espect\u00e1culo puede trasladarse al interior, y si hace buen tiempo, como cuando hace un poco de viento o llueve a c\u00e1ntaros, mi actuaci\u00f3n puede celebrarse bajo un gran paraguas.<\/p>\n\n\n\n<p><\/p>\n<\/div><\/div><\/div><\/div><\/div><\/div>\n","protected":false},"excerpt":{"rendered":"","protected":false},"author":1,"featured_media":0,"parent":0,"menu_order":0,"comment_status":"closed","ping_status":"closed","template":"page-templates\/full-width.php","meta":{"footnotes":""},"class_list":["post-47","page","type-page","status-publish","hentry","no-thumbnail"],"translation":{"provider":"WPGlobus","version":"3.0.2","language":"es","enabled_languages":["en","de","fr","es","it","ko","pt","pl","da"],"languages":{"en":{"title":true,"content":true,"excerpt":false},"de":{"title":true,"content":true,"excerpt":false},"fr":{"title":true,"content":false,"excerpt":false},"es":{"title":true,"content":false,"excerpt":false},"it":{"title":true,"content":false,"excerpt":false},"ko":{"title":true,"content":false,"excerpt":false},"pt":{"title":true,"content":false,"excerpt":false},"pl":{"title":true,"content":false,"excerpt":false},"da":{"title":true,"content":false,"excerpt":false}}},"_links":{"self":[{"href":"https:\/\/jpconjuring.co.uk\/es\/wp-json\/wp\/v2\/pages\/47","targetHints":{"allow":["GET"]}}],"collection":[{"href":"https:\/\/jpconjuring.co.uk\/es\/wp-json\/wp\/v2\/pages"}],"about":[{"href":"https:\/\/jpconjuring.co.uk\/es\/wp-json\/wp\/v2\/types\/page"}],"author":[{"embeddable":true,"href":"https:\/\/jpconjuring.co.uk\/es\/wp-json\/wp\/v2\/users\/1"}],"replies":[{"embeddable":true,"href":"https:\/\/jpconjuring.co.uk\/es\/wp-json\/wp\/v2\/comments?post=47"}],"version-history":[{"count":31,"href":"https:\/\/jpconjuring.co.uk\/es\/wp-json\/wp\/v2\/pages\/47\/revisions"}],"predecessor-version":[{"id":3589,"href":"https:\/\/jpconjuring.co.uk\/es\/wp-json\/wp\/v2\/pages\/47\/revisions\/3589"}],"wp:attachment":[{"href":"https:\/\/jpconjuring.co.uk\/es\/wp-json\/wp\/v2\/media?parent=47"}],"curies":[{"name":"wp","href":"https:\/\/api.w.org\/{rel}","templated":true}]}}