{"id":37,"date":"2017-12-14T21:53:43","date_gmt":"2017-12-14T20:53:43","guid":{"rendered":"https:\/\/jpconjuring.co.uk\/?page_id=37"},"modified":"2025-10-17T21:08:55","modified_gmt":"2025-10-17T20:08:55","slug":"description","status":"publish","type":"page","link":"https:\/\/jpconjuring.co.uk\/fr\/","title":{"rendered":"Description"},"content":{"rendered":"\n\n\n\n<p class=\"has-text-align-left\">Le magicien sud-cor\u00e9en JAY.P incarne &#8220;The Charming JAY&#8221;, un personnage qui aime la magie classique et le jazz d\u00e9cal\u00e9. C&#8217;est un magicien doux dot\u00e9 d&#8217;un talent extraordinaire. Mais chaque fois qu&#8217;il tente un tour, il \u00e9choue. Et lorsqu&#8217;il essaie de dissimuler son erreur, quelque chose d&#8217;encore plus ridicule se produit. Surtout lorsqu&#8217;il y a beaucoup de spectateurs autour de la sc\u00e8ne. En y regardant de plus pr\u00e8s, le public se rend compte qu&#8217;il n&#8217;est pas un magicien comme les autres, mais un clown qui semble tout droit sorti de l&#8217;\u00e9poque du cin\u00e9ma muet.<\/p>\n","protected":false},"excerpt":{"rendered":"<p>Le magicien sud-cor\u00e9en JAY.P incarne &#8220;The Charming JAY&#8221;, un personnage qui aime la magie classique et le jazz d\u00e9cal\u00e9. C&#8217;est un magicien doux dot\u00e9 d&#8217;un talent extraordinaire. Mais chaque fois [&#8230;]<\/p>\n<p><a rel=\"bookmark\" class=\"more-link button\" href=\"https:\/\/jpconjuring.co.uk\/fr\/\">Continue reading &rarr;<\/a><\/p>\n","protected":false},"author":1,"featured_media":0,"parent":0,"menu_order":0,"comment_status":"closed","ping_status":"closed","template":"page-templates\/full-width.php","meta":{"footnotes":""},"class_list":["post-37","page","type-page","status-publish","hentry","no-thumbnail"],"translation":{"provider":"WPGlobus","version":"3.0.2","language":"fr","enabled_languages":["en","de","fr","es","it","ko","pt","pl","da"],"languages":{"en":{"title":true,"content":true,"excerpt":false},"de":{"title":true,"content":true,"excerpt":false},"fr":{"title":true,"content":true,"excerpt":false},"es":{"title":true,"content":true,"excerpt":false},"it":{"title":true,"content":true,"excerpt":false},"ko":{"title":true,"content":true,"excerpt":false},"pt":{"title":true,"content":true,"excerpt":false},"pl":{"title":true,"content":true,"excerpt":false},"da":{"title":true,"content":true,"excerpt":false}}},"_links":{"self":[{"href":"https:\/\/jpconjuring.co.uk\/fr\/wp-json\/wp\/v2\/pages\/37","targetHints":{"allow":["GET"]}}],"collection":[{"href":"https:\/\/jpconjuring.co.uk\/fr\/wp-json\/wp\/v2\/pages"}],"about":[{"href":"https:\/\/jpconjuring.co.uk\/fr\/wp-json\/wp\/v2\/types\/page"}],"author":[{"embeddable":true,"href":"https:\/\/jpconjuring.co.uk\/fr\/wp-json\/wp\/v2\/users\/1"}],"replies":[{"embeddable":true,"href":"https:\/\/jpconjuring.co.uk\/fr\/wp-json\/wp\/v2\/comments?post=37"}],"version-history":[{"count":122,"href":"https:\/\/jpconjuring.co.uk\/fr\/wp-json\/wp\/v2\/pages\/37\/revisions"}],"predecessor-version":[{"id":5982,"href":"https:\/\/jpconjuring.co.uk\/fr\/wp-json\/wp\/v2\/pages\/37\/revisions\/5982"}],"wp:attachment":[{"href":"https:\/\/jpconjuring.co.uk\/fr\/wp-json\/wp\/v2\/media?parent=37"}],"curies":[{"name":"wp","href":"https:\/\/api.w.org\/{rel}","templated":true}]}}