{"id":41,"date":"2017-12-14T21:57:22","date_gmt":"2017-12-14T20:57:22","guid":{"rendered":"https:\/\/jpconjuring.co.uk\/?page_id=41"},"modified":"2025-10-20T12:27:48","modified_gmt":"2025-10-20T11:27:48","slug":"biography","status":"publish","type":"page","link":"https:\/\/jpconjuring.co.uk\/fr\/biography\/","title":{"rendered":"Biographie"},"content":{"rendered":"\n<p class=\"has-text-align-left\">Jay a commenc\u00e9 sa carri\u00e8re de magicien \u00e0 l&#8217;\u00e2ge de 16 ans.<\/p>\n\n\n\n<p class=\"has-text-align-left\">\u00c0 17 ans, Jay s&#8217;est vu proposer un apprentissage dans une soci\u00e9t\u00e9 de divertissement sp\u00e9cialis\u00e9e dans la magie, o\u00f9 il a pu perfectionner ses comp\u00e9tences aux c\u00f4t\u00e9s de magiciens exp\u00e9riment\u00e9s et apprendre des techniques professionnelles et le sens du spectacle.<\/p>\n\n\n\n<p class=\"has-text-align-left\">\u00c0 20 ans, il travaillait d\u00e9j\u00e0 avec ses professeurs et enseignait lui-m\u00eame \u00e0 des magiciens en herbe.<\/p>\n\n\n\n<p class=\"has-text-align-left\">Il a \u00e9galement commenc\u00e9 \u00e0 explorer l&#8217;art de la magie en d\u00e9veloppant ses propres illusions \u00e0 partir de z\u00e9ro, puis en transmettant son expertise \u00e0 des magiciens d\u00e9butants.<\/p>\n\n\n\n<p class=\"has-text-align-left\">Jay a servi dans l&#8217;arm\u00e9e pendant deux ans, mais a tout de m\u00eame trouv\u00e9 le moyen d&#8217;enseigner la magie \u00e0 certains de ses camarades soldats et a \u00e9t\u00e9 invit\u00e9 \u00e0 d\u00e9montrer ses talents lors de c\u00e9r\u00e9monies militaires devant des officiers sup\u00e9rieurs.<\/p>\n\n\n\n<p class=\"has-text-align-left\">Apr\u00e8s son service militaire, il a repris sa carri\u00e8re de magicien professionnel, de cr\u00e9ateur d&#8217;illusions et de professeur\/mentor pour les magiciens en herbe.<\/p>\n\n\n\n<p class=\"has-text-align-left\">Il a \u00e9galement \u00e9t\u00e9 engag\u00e9 comme consultant en magie pour le film \u00ab The Magician \u00bb (2015). Il a enseign\u00e9 des tours de magie aux acteurs principaux, d\u00e9velopp\u00e9 les s\u00e9quences, cr\u00e9\u00e9 les illusions et servi de doublure \u00ab magique \u00bb pour l&#8217;acteur principal dans certaines des manipulations les plus difficiles.<\/p>\n\n\n\n<p class=\"has-text-align-left\">Apr\u00e8s avoir commenc\u00e9 \u00e0 se produire dans des spectacles de rue \u00e0 Covent Garden, \u00e0 Londres, en 2015, il a \u00e9tudi\u00e9 dans une \u00e9cole d&#8217;art dramatique \u00e0 Londres, au Royaume-Uni, pendant deux ans, de 2016 \u00e0 2018, participant \u00e0 des festivals de rue et \u00e0 des spectacles de rue \u00e0 travers le Royaume-Uni. Il s&#8217;est ensuite install\u00e9 \u00e0 Berlin, en Allemagne, en 2019, se produisant dans des festivals de rue et des festivals de th\u00e9\u00e2tre en Allemagne et dans les r\u00e9gions germanophones.<\/p>\n\n\n\n<p class=\"has-text-align-left\"><br>Depuis 2019, il participe \u00e0 des festivals de th\u00e9\u00e2tre et de rue \u00e0 travers l&#8217;Europe. \u00c0 partir de 2022, il a \u00e9tendu ses activit\u00e9s \u00e0 l&#8217;Oc\u00e9anie, \u00e0 l&#8217;Am\u00e9rique du Nord et au Moyen-Orient.<\/p>\n\n\n\n<p class=\"has-text-align-left\"><br>Apr\u00e8s avoir d\u00e9but\u00e9 dans la magie classique, il a \u00e9t\u00e9 influenc\u00e9 par des artistes issus des traditions latines (espagnoles et latino-am\u00e9ricaines) \u00e0 la London Drama School au Royaume-Uni. Il s&#8217;est concentr\u00e9 sur la cr\u00e9ation d&#8217;\u0153uvres ax\u00e9es sur la com\u00e9die physique et les performances de clown.<\/p>\n\n\n\n<p class=\"has-text-align-left\"><br>En 2020, il a suivi une formation de deux ans \u00e0 la Berlin Mime School, o\u00f9 il a \u00e9tudi\u00e9 le mouvement physique et l&#8217;expression \u00e0 travers un programme ax\u00e9 sur les techniques de mime de Jacques Lecoq. Il a \u00e9galement analys\u00e9 et pratiqu\u00e9 divers films muets (Charlie Chaplin, Buster Keaton, Jacques Tati, Laurel et Hardy, Jerry Lewis, les Marx Brothers, etc.) et cr\u00e9\u00e9 des sketchs.<\/p>\n\n\n\n<p class=\"has-text-align-left\">Gr\u00e2ce \u00e0 cela, il recherche et d\u00e9veloppe en permanence des styles de jeu et de mouvement qui lui conviennent, ainsi que des expressions capables de communiquer sans paroles, pour sa mani\u00e8re unique de combiner magie et com\u00e9die muette.<\/p>\n\n\n\n<p class=\"has-text-align-left\"><br>En 2025, il a remport\u00e9 le deuxi\u00e8me prix au FISM ITLAY WCM (Championnat du monde de magie) 2025 dans la cat\u00e9gorie magie de rue.<\/p>\n","protected":false},"excerpt":{"rendered":"<p>Jay a commenc\u00e9 sa carri\u00e8re de magicien \u00e0 l&#8217;\u00e2ge de 16 ans. \u00c0 17 ans, Jay s&#8217;est vu proposer un apprentissage dans une soci\u00e9t\u00e9 de divertissement sp\u00e9cialis\u00e9e dans la magie, [&#8230;]<\/p>\n<p><a rel=\"bookmark\" class=\"more-link button\" href=\"https:\/\/jpconjuring.co.uk\/fr\/biography\/\">Continue reading &rarr;<\/a><\/p>\n","protected":false},"author":1,"featured_media":0,"parent":0,"menu_order":0,"comment_status":"closed","ping_status":"closed","template":"page-templates\/full-width.php","meta":{"footnotes":""},"class_list":["post-41","page","type-page","status-publish","hentry","no-thumbnail"],"translation":{"provider":"WPGlobus","version":"3.0.2","language":"fr","enabled_languages":["en","de","fr","es","it","ko","pt","pl","da"],"languages":{"en":{"title":true,"content":true,"excerpt":false},"de":{"title":true,"content":true,"excerpt":false},"fr":{"title":true,"content":true,"excerpt":false},"es":{"title":true,"content":true,"excerpt":false},"it":{"title":true,"content":true,"excerpt":false},"ko":{"title":true,"content":true,"excerpt":false},"pt":{"title":true,"content":true,"excerpt":false},"pl":{"title":true,"content":true,"excerpt":false},"da":{"title":true,"content":true,"excerpt":false}}},"_links":{"self":[{"href":"https:\/\/jpconjuring.co.uk\/fr\/wp-json\/wp\/v2\/pages\/41","targetHints":{"allow":["GET"]}}],"collection":[{"href":"https:\/\/jpconjuring.co.uk\/fr\/wp-json\/wp\/v2\/pages"}],"about":[{"href":"https:\/\/jpconjuring.co.uk\/fr\/wp-json\/wp\/v2\/types\/page"}],"author":[{"embeddable":true,"href":"https:\/\/jpconjuring.co.uk\/fr\/wp-json\/wp\/v2\/users\/1"}],"replies":[{"embeddable":true,"href":"https:\/\/jpconjuring.co.uk\/fr\/wp-json\/wp\/v2\/comments?post=41"}],"version-history":[{"count":56,"href":"https:\/\/jpconjuring.co.uk\/fr\/wp-json\/wp\/v2\/pages\/41\/revisions"}],"predecessor-version":[{"id":6028,"href":"https:\/\/jpconjuring.co.uk\/fr\/wp-json\/wp\/v2\/pages\/41\/revisions\/6028"}],"wp:attachment":[{"href":"https:\/\/jpconjuring.co.uk\/fr\/wp-json\/wp\/v2\/media?parent=41"}],"curies":[{"name":"wp","href":"https:\/\/api.w.org\/{rel}","templated":true}]}}