{"id":43,"date":"2017-12-14T21:57:32","date_gmt":"2017-12-14T20:57:32","guid":{"rendered":"https:\/\/jpconjuring.co.uk\/?page_id=43"},"modified":"2025-10-21T12:43:07","modified_gmt":"2025-10-21T11:43:07","slug":"career","status":"publish","type":"page","link":"https:\/\/jpconjuring.co.uk\/fr\/career\/","title":{"rendered":"Carri\u00e8re"},"content":{"rendered":"<p><strong><em><u>PRIX<\/u><\/em><\/strong><\/p>\n<p>FISM ITALY 2025 World Championship of Magic, Street magic Category, 2nd Prize<\/p>\n<p>Stra\u00dfenzauberer (Magicien des rues) Festival St. Wendel, Allemagne, 2023, Best Comedy Act<em>\u00a0<\/em><\/p>\n<p><strong><em>Magicien<\/em><\/strong><\/p>\n<p><em>2005 ~2006\u00a0 \u2013 <\/em><em>Edu magic Entertainment<\/em><\/p>\n<p><em>\u00a0\u00a0\u00a0\u00a0\u00a0\u00a0\u00a0\u00a0\u00a0\u00a0\u00a0\u00a0\u00a0 (<\/em><em>Apprenti<\/em><em>)\u00a0\u00a0 \u2013 <\/em><em>Cor\u00e9e du Sud<\/em><\/p>\n<p><em>2007~ 2008 \u2013 <\/em><em>Kuma magic Entertainmernt <\/em><\/p>\n<p><em>\u00a0\u00a0\u00a0\u00a0\u00a0\u00a0\u00a0\u00a0\u00a0\u00a0\u00a0\u00a0\u00a0 (<\/em><em>Magicien)<\/em><em> \u2013 Cor<\/em><em>\u00e9e du Sud<\/em><\/p>\n<p><em>2013 \u2013 <\/em><em>Magic Knok Company magician. <\/em><em>\u2013 Cor<\/em><em>\u00e9e du Sud<\/em><\/p>\n<p><em>2014 \u2013 <\/em><em>IS Magic magician. <\/em><em>\u2013 Cor<\/em><em>\u00e9e du Sud<\/em><\/p>\n<p><em>2015~ <\/em><em>\u2013 <\/em><em>Magicien professionnel \u00e0 son compte. <\/em><\/p>\n<p><strong><em>Magicien Formateur<\/em><\/strong><\/p>\n<p><em>2008 \u2013 <\/em><em>Bosung middle school (<\/em><em>Cor\u00e9e du Sud<\/em><em>)<\/em><\/p>\n<p><em>2013 \u2013 <\/em><em>Magici<\/em><em>enConsultant\u00e0 la<\/em><em> Magic Knok Company (Cor<\/em><em>\u00e9e du Sud)<\/em><\/p>\n<p><em>2014 \u2013 <\/em><em>Magicien Consultant \u00e0 <\/em><em>la IS MAGIC (Cor<\/em><em>\u00e9e du Sud)<\/em><\/p>\n<p><em>2013~ 2014 <\/em><em>\u2013 <\/em><em>Job M<\/em><em>entor <\/em><em>comme<\/em><em> magici<\/em><em>e<\/em><em>n <\/em><em>et<\/em><em> mentalist <\/em><em>\u00e0<\/em><em> Dalkkum. (Cor<\/em><em>\u00e9e du Sud)<\/em><\/p>\n<p><em>2014 \u2013 <\/em><em>Magicien Consultant pour le film<\/em><em>\u201d <\/em><em>THE MAGICIAN<\/em><em>\u201d (Cor<\/em><em>\u00e9e du Sud).<\/em><\/p>\n<p><em>2018 &#8211; Magicien le film &#8220;Last Christmas&#8221;(Royaume-Uni)<\/em><\/p>\n<p><strong><em>Soci\u00e9t\u00e9s de Magie<\/em><\/strong><\/p>\n<p><em>Memb<\/em><em>rede la<\/em><em> L.S.M (London Society of Magic) <\/em><\/p>\n<p><em>Membre de la I.M.S (International Magic Society)<\/em><\/p>\n<p><em>Membre de la S.A.M (Society of American Magician)<\/em><\/p>\n<p><em>THE MAGIC CIRCLE <\/em><em>(Royaume-Uni<\/em><em>)<\/em><em> et<\/em><em> A.I.M.C (Associate of inner magic circle) <\/em><\/p>\n<p><em>Magicien formateur \u00e0 la Soci\u00e9t\u00e9 d\u2019\u00e9ducation magique en Cor\u00e9e du Sud.<\/em><\/p>\n<p><em><strong>\u00c9tudes<\/strong><\/em><\/p>\n<p>Rose Bruford College, London, UK &#8220;MA Devised Theatre And Performance&#8221;(Master of Arts)<\/p>\n","protected":false},"excerpt":{"rendered":"<p>PRIX FISM ITALY 2025 World Championship of Magic, Street magic Category, 2nd Prize Stra\u00dfenzauberer (Magicien des rues) Festival St. Wendel, Allemagne, 2023, Best Comedy Act\u00a0 Magicien 2005 ~2006\u00a0 \u2013 Edu [&#8230;]<\/p>\n<p><a rel=\"bookmark\" class=\"more-link button\" href=\"https:\/\/jpconjuring.co.uk\/fr\/career\/\">Continue reading &rarr;<\/a><\/p>\n","protected":false},"author":1,"featured_media":0,"parent":0,"menu_order":0,"comment_status":"closed","ping_status":"closed","template":"page-templates\/full-width.php","meta":{"footnotes":""},"class_list":["post-43","page","type-page","status-publish","hentry","no-thumbnail"],"translation":{"provider":"WPGlobus","version":"3.0.2","language":"fr","enabled_languages":["en","de","fr","es","it","ko","pt","pl","da"],"languages":{"en":{"title":true,"content":true,"excerpt":false},"de":{"title":true,"content":true,"excerpt":false},"fr":{"title":true,"content":true,"excerpt":false},"es":{"title":true,"content":true,"excerpt":false},"it":{"title":true,"content":true,"excerpt":false},"ko":{"title":true,"content":true,"excerpt":false},"pt":{"title":true,"content":true,"excerpt":false},"pl":{"title":true,"content":true,"excerpt":false},"da":{"title":true,"content":true,"excerpt":false}}},"_links":{"self":[{"href":"https:\/\/jpconjuring.co.uk\/fr\/wp-json\/wp\/v2\/pages\/43","targetHints":{"allow":["GET"]}}],"collection":[{"href":"https:\/\/jpconjuring.co.uk\/fr\/wp-json\/wp\/v2\/pages"}],"about":[{"href":"https:\/\/jpconjuring.co.uk\/fr\/wp-json\/wp\/v2\/types\/page"}],"author":[{"embeddable":true,"href":"https:\/\/jpconjuring.co.uk\/fr\/wp-json\/wp\/v2\/users\/1"}],"replies":[{"embeddable":true,"href":"https:\/\/jpconjuring.co.uk\/fr\/wp-json\/wp\/v2\/comments?post=43"}],"version-history":[{"count":68,"href":"https:\/\/jpconjuring.co.uk\/fr\/wp-json\/wp\/v2\/pages\/43\/revisions"}],"predecessor-version":[{"id":6094,"href":"https:\/\/jpconjuring.co.uk\/fr\/wp-json\/wp\/v2\/pages\/43\/revisions\/6094"}],"wp:attachment":[{"href":"https:\/\/jpconjuring.co.uk\/fr\/wp-json\/wp\/v2\/media?parent=43"}],"curies":[{"name":"wp","href":"https:\/\/api.w.org\/{rel}","templated":true}]}}