{"id":41,"date":"2017-12-14T21:57:22","date_gmt":"2017-12-14T20:57:22","guid":{"rendered":"https:\/\/jpconjuring.co.uk\/?page_id=41"},"modified":"2025-10-20T12:27:48","modified_gmt":"2025-10-20T11:27:48","slug":"biography","status":"publish","type":"page","link":"https:\/\/jpconjuring.co.uk\/it\/biography\/","title":{"rendered":"Biografia"},"content":{"rendered":"\n<p class=\"has-text-align-left\">Jay ha iniziato la sua carriera di mago all&#8217;et\u00e0 di 16 anni.<\/p>\n\n\n\n<p class=\"has-text-align-left\">A 17 anni, Jay ha ricevuto un&#8217;offerta di apprendistato da una compagnia di intrattenimento magico, dove ha potuto affinare le sue abilit\u00e0 insieme a maghi esperti e imparare tecniche professionali e abilit\u00e0 sceniche.<\/p>\n\n\n\n<p class=\"has-text-align-left\">All&#8217;et\u00e0 di 20 anni, lavorava gi\u00e0 con i suoi insegnanti e insegnava lui stesso ad aspiranti maghi.<\/p>\n\n\n\n<p class=\"has-text-align-left\">Ha anche iniziato a esplorare l&#8217;arte della magia sviluppando le sue illusioni da zero e poi trasmettendo questa esperienza ai maghi che muovevano i primi passi nel settore.<\/p>\n\n\n\n<p class=\"has-text-align-left\">Jay ha prestato servizio militare per due anni, ma ha comunque trovato l&#8217;opportunit\u00e0 di insegnare magia ad alcuni dei suoi commilitoni e gli \u00e8 stato chiesto di dimostrare le sue abilit\u00e0 durante le cerimonie militari davanti agli ufficiali superiori.<\/p>\n\n\n\n<p class=\"has-text-align-left\">Dopo il servizio militare, ha ripreso la sua carriera di mago professionista, creatore di illusioni e insegnante\/mentore di aspiranti maghi.<\/p>\n\n\n\n<p class=\"has-text-align-left\">\u00c8 stato anche ingaggiato come consulente di magia per il film \u201cThe Magician\u201d (2015). Ha insegnato trucchi di magia agli attori protagonisti, ha sviluppato le sequenze, ha costruito le illusioni e ha fatto da controfigura \u201cmagica\u201d all&#8217;attore protagonista in alcune delle manipolazioni pi\u00f9 difficili.<\/p>\n\n\n\n<p class=\"has-text-align-left\"><br>Dopo aver iniziato con spettacoli di strada a Covent Garden, Londra, nel 2015, ha studiato in una scuola di recitazione a Londra, nel Regno Unito, per due anni, dal 2016 al 2018, partecipando a festival di spettacoli di strada e spettacoli di strada in tutto il Regno Unito. Successivamente, nel 2019, si \u00e8 trasferito a Berlino, in Germania, esibendosi in festival di spettacoli di strada e festival teatrali in Germania e nelle regioni di lingua tedesca.<\/p>\n\n\n\n<p class=\"has-text-align-left\"><br>Dal 2019 partecipa a festival di strada e teatrali in tutta Europa. Dal 2022 ha esteso le sue attivit\u00e0 all&#8217;Oceania, al Nord America e al Medio Oriente.<br>Partendo dalla magia classica, \u00e8 stato influenzato dagli artisti della tradizione latina (spagnola, latinoamericana) alla London Drama School nel Regno Unito. Si \u00e8 concentrato sulla creazione di opere incentrate sulla recitazione comica fisica e sulle performance clownesche.<\/p>\n\n\n\n<p class=\"has-text-align-left\">Nel 2020 ha studiato per due anni alla Berlin Mime School, approfondendo la sua conoscenza del movimento fisico e dell&#8217;espressivit\u00e0 attraverso un programma incentrato sulle tecniche di mimo di Jacques Lecoq. Ha anche analizzato e studiato vari film muti (Charlie Chaplin, Buster Keaton, Jacques Tati, Laurel e Hardy, Jerry Lewis, i fratelli Marx, ecc.) e ha creato sketch.<\/p>\n\n\n\n<p class=\"has-text-align-left\"><br>Attraverso questo percorso, continua a ricercare e sviluppare stili di recitazione e di movimento che gli si addicono, insieme a espressioni capaci di comunicazione non verbale per il suo modo unico di combinare magia e commedia del cinema muto.<\/p>\n\n\n\n<p class=\"has-text-align-left\"><br>Nel 2025 ha vinto il secondo premio al FISM ITLAY WCM (Campionato mondiale di magia) 2025 nella categoria magia di strada.<\/p>\n","protected":false},"excerpt":{"rendered":"<p>Jay ha iniziato la sua carriera di mago all&#8217;et\u00e0 di 16 anni. A 17 anni, Jay ha ricevuto un&#8217;offerta di apprendistato da una compagnia di intrattenimento magico, dove ha potuto [&#8230;]<\/p>\n<p><a rel=\"bookmark\" class=\"more-link button\" href=\"https:\/\/jpconjuring.co.uk\/it\/biography\/\">Continue reading &rarr;<\/a><\/p>\n","protected":false},"author":1,"featured_media":0,"parent":0,"menu_order":0,"comment_status":"closed","ping_status":"closed","template":"page-templates\/full-width.php","meta":{"footnotes":""},"class_list":["post-41","page","type-page","status-publish","hentry","no-thumbnail"],"translation":{"provider":"WPGlobus","version":"3.0.2","language":"it","enabled_languages":["en","de","fr","es","it","ko","pt","pl","da"],"languages":{"en":{"title":true,"content":true,"excerpt":false},"de":{"title":true,"content":true,"excerpt":false},"fr":{"title":true,"content":true,"excerpt":false},"es":{"title":true,"content":true,"excerpt":false},"it":{"title":true,"content":true,"excerpt":false},"ko":{"title":true,"content":true,"excerpt":false},"pt":{"title":true,"content":true,"excerpt":false},"pl":{"title":true,"content":true,"excerpt":false},"da":{"title":true,"content":true,"excerpt":false}}},"_links":{"self":[{"href":"https:\/\/jpconjuring.co.uk\/it\/wp-json\/wp\/v2\/pages\/41","targetHints":{"allow":["GET"]}}],"collection":[{"href":"https:\/\/jpconjuring.co.uk\/it\/wp-json\/wp\/v2\/pages"}],"about":[{"href":"https:\/\/jpconjuring.co.uk\/it\/wp-json\/wp\/v2\/types\/page"}],"author":[{"embeddable":true,"href":"https:\/\/jpconjuring.co.uk\/it\/wp-json\/wp\/v2\/users\/1"}],"replies":[{"embeddable":true,"href":"https:\/\/jpconjuring.co.uk\/it\/wp-json\/wp\/v2\/comments?post=41"}],"version-history":[{"count":56,"href":"https:\/\/jpconjuring.co.uk\/it\/wp-json\/wp\/v2\/pages\/41\/revisions"}],"predecessor-version":[{"id":6028,"href":"https:\/\/jpconjuring.co.uk\/it\/wp-json\/wp\/v2\/pages\/41\/revisions\/6028"}],"wp:attachment":[{"href":"https:\/\/jpconjuring.co.uk\/it\/wp-json\/wp\/v2\/media?parent=41"}],"curies":[{"name":"wp","href":"https:\/\/api.w.org\/{rel}","templated":true}]}}