{"id":47,"date":"2017-12-14T21:57:58","date_gmt":"2017-12-14T20:57:58","guid":{"rendered":"https:\/\/jpconjuring.co.uk\/?page_id=47"},"modified":"2024-11-04T03:39:44","modified_gmt":"2024-11-04T03:39:44","slug":"performance","status":"publish","type":"page","link":"https:\/\/jpconjuring.co.uk\/it\/performance\/","title":{"rendered":"Spettacoli"},"content":{"rendered":"<div class=\"pt-cv-wrapper\"><div class=\"pt-cv-view pt-cv-grid pt-cv-colsys\" id=\"pt-cv-view-84b50f36tz\"><div data-id=\"pt-cv-page-1\" class=\"pt-cv-page\" data-cvc=\"2\"><div class=\"col-md-6 col-sm-6 col-xs-12 pt-cv-content-item pt-cv-1-col\" ><div class='pt-cv-ifield'><div class=\"pt-cv-content\">\n<h2 class=\"wp-block-heading has-medium-font-size\"><strong>&#8220;Non importa da dove vieni o che lingua parli. Siamo tutti uguali come esseri umani. Meritiamo di essere felici e di ridere ogni giorno, senza barriere linguistiche&#8221;.<\/strong><\/h2>\n\n\n<div class=\"wp-block-image is-resized\">\n<figure class=\"aligncenter\"><img loading=\"lazy\" decoding=\"async\" width=\"640\" height=\"960\" src=\"https:\/\/jpconjuring.co.uk\/wp-content\/uploads\/slider2\/TheCharmingJAY-7-640x960.jpeg\" alt=\"\" class=\"wp-image-1380\" srcset=\"https:\/\/jpconjuring.co.uk\/wp-content\/uploads\/slider2\/TheCharmingJAY-7-640x960.jpeg 640w, https:\/\/jpconjuring.co.uk\/wp-content\/uploads\/slider2\/TheCharmingJAY-7-200x300.jpeg 200w, https:\/\/jpconjuring.co.uk\/wp-content\/uploads\/slider2\/TheCharmingJAY-7-768x1152.jpeg 768w, https:\/\/jpconjuring.co.uk\/wp-content\/uploads\/slider2\/TheCharmingJAY-7-1024x1536.jpeg 1024w, https:\/\/jpconjuring.co.uk\/wp-content\/uploads\/slider2\/TheCharmingJAY-7-1365x2048.jpeg 1365w, https:\/\/jpconjuring.co.uk\/wp-content\/uploads\/slider2\/TheCharmingJAY-7-247x370.jpeg 247w, https:\/\/jpconjuring.co.uk\/wp-content\/uploads\/slider2\/TheCharmingJAY-7-667x1000.jpeg 667w, https:\/\/jpconjuring.co.uk\/wp-content\/uploads\/slider2\/TheCharmingJAY-7-410x615.jpeg 410w, https:\/\/jpconjuring.co.uk\/wp-content\/uploads\/slider2\/TheCharmingJAY-7-853x1280.jpeg 853w, https:\/\/jpconjuring.co.uk\/wp-content\/uploads\/slider2\/TheCharmingJAY-7-scaled.jpeg 1707w\" sizes=\"auto, (max-width: 640px) 100vw, 640px\" \/><\/figure><\/div>\n\n\n<p class=\"has-text-align-center\"><em><strong>The Charming JAY &#8220;TRICK OR TREAT !!&#8221;<\/strong><\/em><\/p>\n\n\n\n<p class=\"has-text-align-left\">Errori inaspettati provocano risate fragorose! Il mago birichino, The Charming Jay, affascina il pubblico con il suo umorismo delizioso!<\/p>\n\n\n\n<p class=\"has-text-align-left\">La magia dell&#8217;affascinante Jay non funziona sempre alla perfezione. Ogni volta che sale sul palco, si affanna a recuperare dai suoi errori, suscitando le risate del pubblico. Anche se esteriormente mira ad essere un mago cool e impeccabile, la sua goffaggine e le sue buffonate comiche in realt\u00e0 favoriscono l&#8217;empatia e il legame con il pubblico.<\/p>\n\n\n\n<p class=\"has-text-align-left\">Questo spettacolo si svolge senza parole, basandosi esclusivamente sui movimenti e sui gesti. Jay, che possiede il fascino di una star del cinema muto, completa lo spettacolo attraverso l&#8217;interazione con il pubblico. Che la magia abbia successo o fallisca, ci\u00f2 che conta non \u00e8 la perfezione, ma le risate genuine e il legame umano che sbocciano nel processo.<\/p>\n\n\n\n<p class=\"has-text-align-left\">Dalla preparazione alla conclusione, il pubblico diventa protagonista della storia, non solo spettatore. Gli episodi improvvisati e divertenti creati attraverso la partecipazione del pubblico costituiscono il nucleo dello spettacolo, intrecciando una nuova narrazione. Quest&#8217;opera trascende le barriere linguistiche e culturali per condividere emozioni umane universali, offrendo un&#8217;esperienza unica che rivela l&#8217;essenza della comunicazione.<\/p>\n<\/div><\/div><\/div>\n<div class=\"col-md-6 col-sm-6 col-xs-12 pt-cv-content-item pt-cv-1-col\" ><div class='pt-cv-ifield'><div class=\"pt-cv-content\">\n<p><\/p>\n\n\n\n<p><\/p>\n\n\n\n<p class=\"has-text-align-center\"><strong>Perch\u00e9 ho creato e continuo a fare questo spettacolo?<\/strong><\/p>\n\n\n\n<p class=\"has-text-align-left\">Quando mi sono trasferita nel Regno Unito (nel 2014), mi sentivo piuttosto a disagio quando guardavo gli spettacoli a causa della lingua, ma non credo che questo sia l&#8217;unico problema per me, quindi da allora ho cercato di fare uno spettacolo silenzioso, senza lingua, et\u00e0, colore della pelle, ecc. Inoltre, per enfatizzare la sensazione che proviamo quando ci piace qualcosa, invece di pensarci troppo.<\/p>\n\n\n\n<p class=\"has-text-align-center\"><strong>Intento creativo<\/strong><\/p>\n\n\n\n<p class=\"has-text-align-left\">Il linguaggio trascende il semplice strumento di comunicazione; \u00e8 un mezzo fondamentale per esprimere l&#8217;identit\u00e0, entrando in risonanza con popoli e culture specifici. Tuttavia, le barriere linguistiche spesso ci hanno diviso e creato confini. Questo lavoro trasmette il significato della condivisione delle emozioni umane universali, trascendendo le differenze di lingua, razza e cultura.<\/p>\n\n\n\n<p class=\"has-text-align-left\">Quando guardiamo film o spettacoli, il nostro sguardo \u00e8 spesso fisso sui sottotitoli, impedendoci di vivere appieno le performance e le emozioni degli attori. Ci\u00f2 suggerisce che l&#8217;essenza della comunicazione non risiede nel linguaggio, ma nelle emozioni umane universali. Pertanto, questo lavoro cerca di condividere liberamente le emozioni umane trascendendo i limiti del linguaggio attraverso una comunicazione composta da gesti, espressioni e azioni.<\/p>\n\n\n\n<p class=\"has-text-align-left\">Attraverso momenti di genuina umanit\u00e0 e risate che sbocciano non dalla perfezione ma dagli errori, il pubblico sperimenta la dissoluzione dei confini tra palcoscenico e platea. Questa performance non risiede nella tecnica di comunicazione, ma nella riscoperta del valore umanistico della condivisione delle emozioni umane e nel processo di co-creazione di una storia con il pubblico.<\/p>\n\n\n\n<p class=\"has-text-align-center\"><strong>Sinossi<\/strong><\/p>\n\n\n\n<p class=\"has-text-align-left\">Il mago sudcoreano JAY.P interpreta The Charming Jay, un personaggio che ama la magia classica e il jazz eccentrico. \u00c8 un mago dai modi gentili con abilit\u00e0 straordinarie. Ma ogni volta che cerca di eseguire un trucco, fallisce. E quando cerca di nascondere il suo errore, succede qualcos&#8217;altro di assurdo. Soprattutto quando c&#8217;\u00e8 un vasto pubblico intorno al suo palco. A un esame pi\u00f9 attento, il pubblico si rende conto che non \u00e8 un mago qualsiasi, ma piuttosto un clown che sembra uscito dall&#8217;era del cinema muto.<\/p>\n\n\n\n<p class=\"has-text-align-left\">Questo spettacolo non \u00e8 solo magia. \u201cTRICK OR TREAT\u201d \u00e8 la storia della vita di un artista, raccontata attraverso gli errori inaspettati, le risate e le relazioni umane dell&#8217; The Charming Jay<\/p>\n\n\n\n<p class=\"has-text-align-center\"><strong>Riferimenti<\/strong><\/p>\n\n\n\n<p class=\"has-text-align-left\">Ho iniziato con la magia classica e ho studiato commedia e clownerie attraverso workshop e sotto la direzione di artisti latinoamericani (spagnoli e latinoamericani) presso scuole di recitazione a Londra, in Inghilterra. Inoltre, basandomi sulla tecnica mimica di Jacques Lecoq, mi sono formato per due anni al Contemporary Center di Berlino (Art House Berlin), studiando il movimento e l&#8217;espressivit\u00e0 del corpo. Ho anche analizzato e praticato vari film muti (Charlie Chaplin, Buster Keaton, Jacques Tati, Laurel e Hardy, Jerry Lewis, i fratelli Marx, ecc.) per analizzare e praticare, ricercando e sviluppando la recitazione e il movimento che meglio si adattavano a loro, insieme all&#8217;espressione non verbale.<\/p>\n\n\n\n<p><\/p>\n\n\n\n<p class=\"has-text-align-center\"><strong>Qual \u00e8 la cosa che attendiamo con ansia in questo spettacolo?<\/strong><\/p>\n\n\n\n<p class=\"has-text-align-center\"><strong>Teoricamente<\/strong><\/p>\n\n\n\n<p class=\"has-text-align-left\"><strong>1. La diversit\u00e0<\/strong><\/p>\n\n\n\n<p class=\"has-text-align-left\">Ovviamente, questa serie non \u00e8 legata a nessun background culturale, ma \u00e8 legata a un atteggiamento specifico che fa una piccola differenza.<\/p>\n\n\n\n<p class=\"has-text-align-left\">Il personaggio si comporta come una persona che ha seguito i modelli culturali e i modi di pensare degli asiatici. Quando il personaggio si fonde con il concetto dello spettacolo, con gli oggetti di scena e i vestiti che non appartengono alla cultura asiatica, fa sentire al pubblico che, anche se siamo distinguibili dall&#8217;aspetto, siamo tutti uguali come razza umana. Inoltre, suggerisce al pubblico un&#8217;idea di uguaglianza e diversit\u00e0 nel mondo.<\/p>\n\n\n\n<p class=\"has-text-align-left\"><strong>2. Umanit\u00e0<\/strong><\/p>\n\n\n\n<p class=\"has-text-align-left\">Questo spettacolo va oltre la semplice magia, incorporando dialoghi attraverso gesti e linguaggio del corpo, comicit\u00e0 fisica e musica. Possiamo sembrare diversi, ma il colore della pelle, l&#8217;et\u00e0, il background culturale o il luogo di origine non hanno importanza. Poich\u00e9 siamo tutti esseri umani, \u201cThe Charming Jay\u201d trasmette al pubblico il messaggio che quando sentiamo l&#8217;umanit\u00e0 insieme, siamo tutti uguali. Pertanto, durante lo spettacolo, la comunicazione con il pubblico avviene senza parole, esclusivamente attraverso il linguaggio del corpo, i gesti espressivi e il respiro condiviso.<\/p>\n\n\n\n<p class=\"has-text-align-center\"><strong>Praticamente<\/strong><\/p>\n\n\n\n<p class=\"has-text-align-left\"><strong>1. Diverse vibrazioni degli spettacoli (diurno e notturno)<\/strong><\/p>\n\n\n\n<p class=\"has-text-align-left\">Lo spettacolo diurno \u00e8 pi\u00f9 incentrato sulla comicit\u00e0 fisica e sull&#8217;improvvisazione. Tutti ridiamo e ci stupiamo a vicenda in situazioni imprevedibili. A volte ci scateniamo, creando confusione come in un vecchio film muto. Cos\u00ec il pubblico percepisce un&#8217;energia pi\u00f9 allegra e positiva.<\/p>\n\n\n\n<p class=\"has-text-align-left\">Al contrario, di notte, quando il cielo diventa blu notte, &#8220;The Charming JAY&#8221; \u00e8 caratterizzato da vibrazioni calde e accoglienti.<\/p>\n\n\n\n<p class=\"has-text-align-left\">Non si tratta di uno spettacolo ad alta energia con un gran finale, come gli spettacoli di fuoco, ma per chi vuole rilassarsi durante la serata e concludere la giornata con un po&#8217; di relax, &#8220;The Charming JAY&#8221; \u00e8 quello che pu\u00f2 dare al pubblico un caldo abbraccio e un sorriso accogliente. Nella fredda notte con una calda energia, come la notte, abbiamo chiamato un giorno.<\/p>\n\n\n\n<p class=\"has-text-align-left\"><strong>2. Le dimensioni del pubblico<\/strong><\/p>\n\n\n\n<p class=\"has-text-align-left\">Lo spettacolo &#8220;The Charming JAY&#8221; non contiene oggetti di scena pericolosi. Ci\u00f2 significa che la dimensione della linea di sicurezza \u00e8 flessibile. Inoltre, la routine dello spettacolo dipende dalla distanza tra l&#8217;artista e il pubblico. In poche parole, da un pubblico piccolo (10-20 persone) a uno grande (oltre 300 persone), tutto pu\u00f2 essere gestito in base alla situazione e allo spazio.<\/p>\n\n\n\n<p class=\"has-text-align-left\"><strong>3. Prendere la cosa sul serio e in modo responsabile.<\/strong><\/p>\n\n\n\n<p class=\"has-text-align-left\">Come artista professionista, mi sono esibito pi\u00f9 di 10.000 volte nelle regioni europee in circa 60 festival e anche al Covent Garden di Londra. In tutto questo tempo, non sono stato coinvolto in alcun incidente n\u00e9 ho causato gravi problemi con il pubblico.<\/p>\n\n\n\n<p class=\"has-text-align-left\">Sono sempre sul posto due ore prima per controllare il luogo e la tecnica e trovare il modo migliore per presentare lo spettacolo al pubblico.<\/p>\n\n\n\n<p class=\"has-text-align-left\">Anche se mi faccio male durante l&#8217;esibizione, posso comunque esibirmi da seduto o rallentare il ritmo dello spettacolo (a meno che non ci siano gravi problemi di salute).<\/p>\n\n\n\n<p class=\"has-text-align-left\"><strong>4. flessibilit\u00e0 e adattabilit\u00e0<\/strong><\/p>\n\n\n\n<p class=\"has-text-align-left\">A causa delle condizioni di multitasking richieste nei festival, sono flessibile a seguire qualsiasi cambiamento di programma o di luogo da parte dell&#8217;organizzazione del festival.<\/p>\n\n\n\n<p class=\"has-text-align-left\">Non ci sono restrizioni per esibirsi, tranne in caso di forte pioggia.<\/p>\n\n\n\n<p class=\"has-text-align-left\">Se piove molto, l&#8217;esibizione pu\u00f2 essere spostata al chiuso, e se il tempo \u00e8 adattabile, ad esempio se c&#8217;\u00e8 un po&#8217; di vento o piove brevemente, la mia esibizione pu\u00f2 avvenire sotto un grande ombrello.<\/p>\n<\/div><\/div><\/div><\/div><\/div><\/div>\n","protected":false},"excerpt":{"rendered":"","protected":false},"author":1,"featured_media":0,"parent":0,"menu_order":0,"comment_status":"closed","ping_status":"closed","template":"page-templates\/full-width.php","meta":{"footnotes":""},"class_list":["post-47","page","type-page","status-publish","hentry","no-thumbnail"],"translation":{"provider":"WPGlobus","version":"3.0.2","language":"it","enabled_languages":["en","de","fr","es","it","ko","pt","pl","da"],"languages":{"en":{"title":true,"content":true,"excerpt":false},"de":{"title":true,"content":true,"excerpt":false},"fr":{"title":true,"content":false,"excerpt":false},"es":{"title":true,"content":false,"excerpt":false},"it":{"title":true,"content":false,"excerpt":false},"ko":{"title":true,"content":false,"excerpt":false},"pt":{"title":true,"content":false,"excerpt":false},"pl":{"title":true,"content":false,"excerpt":false},"da":{"title":true,"content":false,"excerpt":false}}},"_links":{"self":[{"href":"https:\/\/jpconjuring.co.uk\/it\/wp-json\/wp\/v2\/pages\/47","targetHints":{"allow":["GET"]}}],"collection":[{"href":"https:\/\/jpconjuring.co.uk\/it\/wp-json\/wp\/v2\/pages"}],"about":[{"href":"https:\/\/jpconjuring.co.uk\/it\/wp-json\/wp\/v2\/types\/page"}],"author":[{"embeddable":true,"href":"https:\/\/jpconjuring.co.uk\/it\/wp-json\/wp\/v2\/users\/1"}],"replies":[{"embeddable":true,"href":"https:\/\/jpconjuring.co.uk\/it\/wp-json\/wp\/v2\/comments?post=47"}],"version-history":[{"count":31,"href":"https:\/\/jpconjuring.co.uk\/it\/wp-json\/wp\/v2\/pages\/47\/revisions"}],"predecessor-version":[{"id":3589,"href":"https:\/\/jpconjuring.co.uk\/it\/wp-json\/wp\/v2\/pages\/47\/revisions\/3589"}],"wp:attachment":[{"href":"https:\/\/jpconjuring.co.uk\/it\/wp-json\/wp\/v2\/media?parent=47"}],"curies":[{"name":"wp","href":"https:\/\/api.w.org\/{rel}","templated":true}]}}