{"id":37,"date":"2017-12-14T21:53:43","date_gmt":"2017-12-14T20:53:43","guid":{"rendered":"https:\/\/jpconjuring.co.uk\/?page_id=37"},"modified":"2025-10-17T21:08:55","modified_gmt":"2025-10-17T20:08:55","slug":"description","status":"publish","type":"page","link":"https:\/\/jpconjuring.co.uk\/pl\/","title":{"rendered":"Opis"},"content":{"rendered":"\n\n\n\n<p class=\"has-text-align-left\">Po\u0142udniowokorea\u0144ski magik JAY.P wciela si\u0119 w posta\u0107 &#8220;The Charming JAY&#8221;, kt\u00f3ry uwielbia klasyczn\u0105 magi\u0119 i ekscentryczny jazz. Jest to mi\u0142y magik o niezwyk\u0142ym talencie. Jednak za ka\u017cdym razem, gdy pr\u00f3buje wykona\u0107 sztuczk\u0119, ponosi pora\u017ck\u0119. A kiedy pr\u00f3buje ukry\u0107 sw\u00f3j b\u0142\u0105d, dzieje si\u0119 co\u015b jeszcze bardziej absurdalnego. Zw\u0142aszcza gdy wok\u00f3\u0142 sceny znajduje si\u0119 wielu widz\u00f3w. Po bli\u017cszym przyjrzeniu si\u0119 publiczno\u015b\u0107 zdaje sobie spraw\u0119, \u017ce nie jest on magikiem takim jak inni, ale klaunem, kt\u00f3ry wydaje si\u0119 pochodzi\u0107 z epoki kina niemego.<\/p>\n","protected":false},"excerpt":{"rendered":"<p>Po\u0142udniowokorea\u0144ski magik JAY.P wciela si\u0119 w posta\u0107 &#8220;The Charming JAY&#8221;, kt\u00f3ry uwielbia klasyczn\u0105 magi\u0119 i ekscentryczny jazz. Jest to mi\u0142y magik o niezwyk\u0142ym talencie. Jednak za ka\u017cdym razem, gdy pr\u00f3buje [&#8230;]<\/p>\n<p><a rel=\"bookmark\" class=\"more-link button\" href=\"https:\/\/jpconjuring.co.uk\/pl\/\">Continue reading &rarr;<\/a><\/p>\n","protected":false},"author":1,"featured_media":0,"parent":0,"menu_order":0,"comment_status":"closed","ping_status":"closed","template":"page-templates\/full-width.php","meta":{"footnotes":""},"class_list":["post-37","page","type-page","status-publish","hentry","no-thumbnail"],"translation":{"provider":"WPGlobus","version":"3.0.2","language":"pl","enabled_languages":["en","de","fr","es","it","ko","pt","pl","da"],"languages":{"en":{"title":true,"content":true,"excerpt":false},"de":{"title":true,"content":true,"excerpt":false},"fr":{"title":true,"content":true,"excerpt":false},"es":{"title":true,"content":true,"excerpt":false},"it":{"title":true,"content":true,"excerpt":false},"ko":{"title":true,"content":true,"excerpt":false},"pt":{"title":true,"content":true,"excerpt":false},"pl":{"title":true,"content":true,"excerpt":false},"da":{"title":true,"content":true,"excerpt":false}}},"_links":{"self":[{"href":"https:\/\/jpconjuring.co.uk\/pl\/wp-json\/wp\/v2\/pages\/37","targetHints":{"allow":["GET"]}}],"collection":[{"href":"https:\/\/jpconjuring.co.uk\/pl\/wp-json\/wp\/v2\/pages"}],"about":[{"href":"https:\/\/jpconjuring.co.uk\/pl\/wp-json\/wp\/v2\/types\/page"}],"author":[{"embeddable":true,"href":"https:\/\/jpconjuring.co.uk\/pl\/wp-json\/wp\/v2\/users\/1"}],"replies":[{"embeddable":true,"href":"https:\/\/jpconjuring.co.uk\/pl\/wp-json\/wp\/v2\/comments?post=37"}],"version-history":[{"count":122,"href":"https:\/\/jpconjuring.co.uk\/pl\/wp-json\/wp\/v2\/pages\/37\/revisions"}],"predecessor-version":[{"id":5982,"href":"https:\/\/jpconjuring.co.uk\/pl\/wp-json\/wp\/v2\/pages\/37\/revisions\/5982"}],"wp:attachment":[{"href":"https:\/\/jpconjuring.co.uk\/pl\/wp-json\/wp\/v2\/media?parent=37"}],"curies":[{"name":"wp","href":"https:\/\/api.w.org\/{rel}","templated":true}]}}