{"id":41,"date":"2017-12-14T21:57:22","date_gmt":"2017-12-14T20:57:22","guid":{"rendered":"https:\/\/jpconjuring.co.uk\/?page_id=41"},"modified":"2025-10-20T12:27:48","modified_gmt":"2025-10-20T11:27:48","slug":"biography","status":"publish","type":"page","link":"https:\/\/jpconjuring.co.uk\/pl\/biography\/","title":{"rendered":"Biografia"},"content":{"rendered":"\n<p class=\"has-text-align-left\">Jay rozpocz\u0105\u0142 swoj\u0105 karier\u0119 jako magik w wieku 16 lat.<\/p>\n\n\n\n<p class=\"has-text-align-left\">W wieku 17 lat Jay otrzyma\u0142 ofert\u0119 sta\u017cu w firmie zajmuj\u0105cej si\u0119 rozrywk\u0105 magiczn\u0105, gdzie m\u00f3g\u0142 doskonali\u0107 swoje umiej\u0119tno\u015bci u boku do\u015bwiadczonych magik\u00f3w oraz uczy\u0107 si\u0119 profesjonalnych technik i sztuki scenicznej.<\/p>\n\n\n\n<p class=\"has-text-align-left\">W wieku 20 lat wsp\u00f3\u0142pracowa\u0142 ju\u017c ze swoimi nauczycielami i sam uczy\u0142 pocz\u0105tkuj\u0105cych magik\u00f3w.<\/p>\n\n\n\n<p class=\"has-text-align-left\">Zacz\u0105\u0142 r\u00f3wnie\u017c zg\u0142\u0119bia\u0107 sztuk\u0119 magii, tworz\u0105c od podstaw w\u0142asne iluzje, a nast\u0119pnie przekazuj\u0105c t\u0119 wiedz\u0119 magikom, kt\u00f3rzy dopiero rozpoczynali swoj\u0105 karier\u0119.<\/p>\n\n\n\n<p class=\"has-text-align-left\">Jay s\u0142u\u017cy\u0142 w wojsku przez dwa lata, ale nadal znajdowa\u0142 okazje, aby uczy\u0107 magii niekt\u00f3rych swoich koleg\u00f3w i by\u0142 proszony o pokazanie swoich umiej\u0119tno\u015bci podczas uroczysto\u015bci wojskowych przed wy\u017cszymi rang\u0105 oficerami.<\/p>\n\n\n\n<p class=\"has-text-align-left\">Po zako\u0144czeniu s\u0142u\u017cby wojskowej wznowi\u0142 karier\u0119 jako profesjonalny magik, iluzjonista i nauczyciel\/mentor pocz\u0105tkuj\u0105cych magik\u00f3w.<\/p>\n\n\n\n<p class=\"has-text-align-left\">Zosta\u0142 r\u00f3wnie\u017c zatrudniony jako konsultant ds. magii przy filmie \u201eThe Magician\u201d (2015). Uczy\u0142 g\u0142\u00f3wnych aktor\u00f3w sztuczek magicznych, opracowywa\u0142 sekwencje, tworzy\u0142 iluzje i pe\u0142ni\u0142 rol\u0119 \u201emagicznego\u201d dubla g\u0142\u00f3wnego aktora w niekt\u00f3rych trudniejszych manipulacjach.<\/p>\n\n\n\n<p class=\"has-text-align-left\">Zaczynaj\u0105c od wyst\u0119p\u00f3w ulicznych w londy\u0144skiej dzielnicy Covent Garden w 2015 roku, przez dwa lata, od 2016 do 2018 roku, studiowa\u0142 w szkole teatralnej w Londynie, bior\u0105c udzia\u0142 w festiwalach sztuki ulicznej i wyst\u0119pach ulicznych w ca\u0142ej Wielkiej Brytanii. Nast\u0119pnie, w 2019 roku, przeni\u00f3s\u0142 si\u0119 do Berlina, gdzie wyst\u0119powa\u0142 na festiwalach sztuki ulicznej i festiwalach teatralnych w Niemczech i regionach niemieckoj\u0119zycznych.<\/p>\n\n\n\n<p class=\"has-text-align-left\"><br>Od 2019 roku uczestniczy w festiwalach sztuki ulicznej i teatralnych w ca\u0142ej Europie. Od 2022 roku rozszerzy\u0142 swoj\u0105 dzia\u0142alno\u015b\u0107 na Oceani\u0119, Ameryk\u0119 P\u00f3\u0142nocn\u0105 i Bliski Wsch\u00f3d.<br>Zaczynaj\u0105c od magii klasycznej, by\u0142 pod wp\u0142ywem artyst\u00f3w z tradycji latynoskiej (hiszpa\u0144skiej, latynoameryka\u0144skiej) w London Drama School w Wielkiej Brytanii. Skupi\u0142 si\u0119 na tworzeniu dzie\u0142 opartych na komedii fizycznej i wyst\u0119pach klaun\u00f3w.<\/p>\n\n\n\n<p class=\"has-text-align-left\">W 2020 roku przez dwa lata trenowa\u0142 w szkole pantomimy w Berlinie, studiuj\u0105c ruch fizyczny i ekspresj\u0119 w ramach programu nauczania opartego na technikach pantomimy Jacques&#8217;a Lecoqa. Analizowa\u0142 i \u0107wiczy\u0142 r\u00f3wnie\u017c r\u00f3\u017cne filmy nieme (Charlie Chaplin, Buster Keaton, Jacques Tati, Laurel i Hardy, Jerry Lewis, bracia Marx itp.) oraz tworzy\u0142 skecze.<\/p>\n\n\n\n<p class=\"has-text-align-left\"><br>W ten spos\u00f3b nieustannie bada i rozwija style aktorskie i ruchowe, kt\u00f3re mu odpowiadaj\u0105, a tak\u017ce formy ekspresji umo\u017cliwiaj\u0105ce komunikacj\u0119 niewerbaln\u0105, kt\u00f3re wykorzystuje w swoim unikalnym po\u0142\u0105czeniu magii i komedii film\u00f3w niemych.<\/p>\n\n\n\n<p class=\"has-text-align-left\"><br>W 2025 roku zdoby\u0142 drug\u0105 nagrod\u0119 na FISM ITLAY WCM (Mistrzostwach \u015awiata w Magii) 2025 w kategorii magii ulicznej.<\/p>\n","protected":false},"excerpt":{"rendered":"<p>Jay rozpocz\u0105\u0142 swoj\u0105 karier\u0119 jako magik w wieku 16 lat. W wieku 17 lat Jay otrzyma\u0142 ofert\u0119 sta\u017cu w firmie zajmuj\u0105cej si\u0119 rozrywk\u0105 magiczn\u0105, gdzie m\u00f3g\u0142 doskonali\u0107 swoje umiej\u0119tno\u015bci u [&#8230;]<\/p>\n<p><a rel=\"bookmark\" class=\"more-link button\" href=\"https:\/\/jpconjuring.co.uk\/pl\/biography\/\">Continue reading &rarr;<\/a><\/p>\n","protected":false},"author":1,"featured_media":0,"parent":0,"menu_order":0,"comment_status":"closed","ping_status":"closed","template":"page-templates\/full-width.php","meta":{"footnotes":""},"class_list":["post-41","page","type-page","status-publish","hentry","no-thumbnail"],"translation":{"provider":"WPGlobus","version":"3.0.2","language":"pl","enabled_languages":["en","de","fr","es","it","ko","pt","pl","da"],"languages":{"en":{"title":true,"content":true,"excerpt":false},"de":{"title":true,"content":true,"excerpt":false},"fr":{"title":true,"content":true,"excerpt":false},"es":{"title":true,"content":true,"excerpt":false},"it":{"title":true,"content":true,"excerpt":false},"ko":{"title":true,"content":true,"excerpt":false},"pt":{"title":true,"content":true,"excerpt":false},"pl":{"title":true,"content":true,"excerpt":false},"da":{"title":true,"content":true,"excerpt":false}}},"_links":{"self":[{"href":"https:\/\/jpconjuring.co.uk\/pl\/wp-json\/wp\/v2\/pages\/41","targetHints":{"allow":["GET"]}}],"collection":[{"href":"https:\/\/jpconjuring.co.uk\/pl\/wp-json\/wp\/v2\/pages"}],"about":[{"href":"https:\/\/jpconjuring.co.uk\/pl\/wp-json\/wp\/v2\/types\/page"}],"author":[{"embeddable":true,"href":"https:\/\/jpconjuring.co.uk\/pl\/wp-json\/wp\/v2\/users\/1"}],"replies":[{"embeddable":true,"href":"https:\/\/jpconjuring.co.uk\/pl\/wp-json\/wp\/v2\/comments?post=41"}],"version-history":[{"count":56,"href":"https:\/\/jpconjuring.co.uk\/pl\/wp-json\/wp\/v2\/pages\/41\/revisions"}],"predecessor-version":[{"id":6028,"href":"https:\/\/jpconjuring.co.uk\/pl\/wp-json\/wp\/v2\/pages\/41\/revisions\/6028"}],"wp:attachment":[{"href":"https:\/\/jpconjuring.co.uk\/pl\/wp-json\/wp\/v2\/media?parent=41"}],"curies":[{"name":"wp","href":"https:\/\/api.w.org\/{rel}","templated":true}]}}