{"id":43,"date":"2017-12-14T21:57:32","date_gmt":"2017-12-14T20:57:32","guid":{"rendered":"https:\/\/jpconjuring.co.uk\/?page_id=43"},"modified":"2025-10-21T12:43:07","modified_gmt":"2025-10-21T11:43:07","slug":"career","status":"publish","type":"page","link":"https:\/\/jpconjuring.co.uk\/pl\/career\/","title":{"rendered":"Kariera"},"content":{"rendered":"\n<p><strong><em>Award<\/em><\/strong><\/p>\n\n\n\n<p>FISM ITALY 2025 World Championship of Magic, Street magic Category, 2nd Prize Award<\/p>\n\n\n\n<p>Stra\u00dfenzauberer(Street magician) Festival St. Wendel, Germany 2023, Best Comedy Act Award.<\/p>\n\n\n\n<p><strong><em>Magik<\/em><\/strong><br> <br> 2005 ~ 2006 &#8211; Edu Magic Entertainment<br> (Ucze\u0144) &#8211; KOREA PO\u0141UDNIOWA<\/p>\n\n\n\n<p>2007 ~ 2008 &#8211; Kuma magic Entertainmernt<br> (Magik) &#8211; KOREA P\u0141D. <\/p>\n\n\n\n<p>2013 &#8211; magik w firmie Magic Knok Company &#8211; KOREA P\u0141D.<br> <br> 2014 &#8211; magik w IS Magic &#8211; KOREA P\u0141D.<br> <br> 2015 ~ &#8211; Magik samozatrudniony <br> <br> <strong><em>Magiczny Trener<\/em><\/strong><br> <br> 2008 &#8211; gimnazjum Bosung (KOREA P\u0141D.),<br> <br> 2013 &#8211; magik, konsultant w Magic Knok Company (KOREA P\u0141D.)<br> <br> 2014 &#8211; magik, konsultant w IS MAGIC (KOREA P\u0141D.)<br> <br> 2013 ~ 2014 &#8211; mentor w pracy e zakresie pracy magika i mentalisty w Dalkkum (KOREA P\u0141D.)<br> <br> 2014 &#8211; konsultant do spraw magii w filmie &#8220;THE MAGICIAN&#8221; (KOREA P\u0141D.)<\/p>\n\n\n\n<p>2018 &#8211; Magii w filmie &#8221; Last Christmas&#8221;( w W.B )<br> <br> <strong><em>Cz\u0142onkostwo w: <\/em><\/strong><br> <br>L.S.M (London Society of Magic)<br> <br>I.M.S (International Magic Society)<br> <br>S.A.M (Society of American Magician)<br> <br>THE MAGIC CIRCLE (w W.B.) A.I.M.C (Associate of inner magic circle)<br> <br>Magiczny trener w spo\u0142eczno\u015bci edukacji magicznej w KOREI PO\u0141UDNIOWEJ<\/p>\n\n\n\n<p><em><strong>Studi<\/strong><\/em><strong>a<\/strong><\/p>\n\n\n\n<p>Rose Bruford College, London, UK &#8220;MA Devised Theatre And Performance&#8221;(Master of Arts)<\/p>\n","protected":false},"excerpt":{"rendered":"<p>Award FISM ITALY 2025 World Championship of Magic, Street magic Category, 2nd Prize Award Stra\u00dfenzauberer(Street magician) Festival St. Wendel, Germany 2023, Best Comedy Act Award. Magik 2005 ~ 2006 &#8211; [&#8230;]<\/p>\n<p><a rel=\"bookmark\" class=\"more-link button\" href=\"https:\/\/jpconjuring.co.uk\/pl\/career\/\">Continue reading &rarr;<\/a><\/p>\n","protected":false},"author":1,"featured_media":0,"parent":0,"menu_order":0,"comment_status":"closed","ping_status":"closed","template":"page-templates\/full-width.php","meta":{"footnotes":""},"class_list":["post-43","page","type-page","status-publish","hentry","no-thumbnail"],"translation":{"provider":"WPGlobus","version":"3.0.2","language":"pl","enabled_languages":["en","de","fr","es","it","ko","pt","pl","da"],"languages":{"en":{"title":true,"content":true,"excerpt":false},"de":{"title":true,"content":true,"excerpt":false},"fr":{"title":true,"content":true,"excerpt":false},"es":{"title":true,"content":true,"excerpt":false},"it":{"title":true,"content":true,"excerpt":false},"ko":{"title":true,"content":true,"excerpt":false},"pt":{"title":true,"content":true,"excerpt":false},"pl":{"title":true,"content":true,"excerpt":false},"da":{"title":true,"content":true,"excerpt":false}}},"_links":{"self":[{"href":"https:\/\/jpconjuring.co.uk\/pl\/wp-json\/wp\/v2\/pages\/43","targetHints":{"allow":["GET"]}}],"collection":[{"href":"https:\/\/jpconjuring.co.uk\/pl\/wp-json\/wp\/v2\/pages"}],"about":[{"href":"https:\/\/jpconjuring.co.uk\/pl\/wp-json\/wp\/v2\/types\/page"}],"author":[{"embeddable":true,"href":"https:\/\/jpconjuring.co.uk\/pl\/wp-json\/wp\/v2\/users\/1"}],"replies":[{"embeddable":true,"href":"https:\/\/jpconjuring.co.uk\/pl\/wp-json\/wp\/v2\/comments?post=43"}],"version-history":[{"count":68,"href":"https:\/\/jpconjuring.co.uk\/pl\/wp-json\/wp\/v2\/pages\/43\/revisions"}],"predecessor-version":[{"id":6094,"href":"https:\/\/jpconjuring.co.uk\/pl\/wp-json\/wp\/v2\/pages\/43\/revisions\/6094"}],"wp:attachment":[{"href":"https:\/\/jpconjuring.co.uk\/pl\/wp-json\/wp\/v2\/media?parent=43"}],"curies":[{"name":"wp","href":"https:\/\/api.w.org\/{rel}","templated":true}]}}