{"id":47,"date":"2017-12-14T21:57:58","date_gmt":"2017-12-14T20:57:58","guid":{"rendered":"https:\/\/jpconjuring.co.uk\/?page_id=47"},"modified":"2024-11-04T03:39:44","modified_gmt":"2024-11-04T03:39:44","slug":"performance","status":"publish","type":"page","link":"https:\/\/jpconjuring.co.uk\/pl\/performance\/","title":{"rendered":"Przedstawienia"},"content":{"rendered":"<div class=\"pt-cv-wrapper\"><div class=\"pt-cv-view pt-cv-grid pt-cv-colsys\" id=\"pt-cv-view-84b50f36tz\"><div data-id=\"pt-cv-page-1\" class=\"pt-cv-page\" data-cvc=\"2\"><div class=\"col-md-6 col-sm-6 col-xs-12 pt-cv-content-item pt-cv-1-col\" ><div class='pt-cv-ifield'><div class=\"pt-cv-content\">\n<h2 class=\"wp-block-heading has-medium-font-size\"><strong>&#8220;Nie ma znaczenia, sk\u0105d pochodzisz i jakim j\u0119zykiem m\u00f3wisz. Wszyscy jeste\u015bmy r\u00f3wni jako istoty ludzkie. Zas\u0142ugujemy na szcz\u0119\u015bcie i \u015bmiech ka\u017cdego dnia, bez barier j\u0119zykowych&#8221;.<\/strong><\/h2>\n\n\n<div class=\"wp-block-image is-resized\">\n<figure class=\"aligncenter\"><img loading=\"lazy\" decoding=\"async\" width=\"640\" height=\"960\" src=\"https:\/\/jpconjuring.co.uk\/wp-content\/uploads\/slider2\/TheCharmingJAY-7-640x960.jpeg\" alt=\"\" class=\"wp-image-1380\" srcset=\"https:\/\/jpconjuring.co.uk\/wp-content\/uploads\/slider2\/TheCharmingJAY-7-640x960.jpeg 640w, https:\/\/jpconjuring.co.uk\/wp-content\/uploads\/slider2\/TheCharmingJAY-7-200x300.jpeg 200w, https:\/\/jpconjuring.co.uk\/wp-content\/uploads\/slider2\/TheCharmingJAY-7-768x1152.jpeg 768w, https:\/\/jpconjuring.co.uk\/wp-content\/uploads\/slider2\/TheCharmingJAY-7-1024x1536.jpeg 1024w, https:\/\/jpconjuring.co.uk\/wp-content\/uploads\/slider2\/TheCharmingJAY-7-1365x2048.jpeg 1365w, https:\/\/jpconjuring.co.uk\/wp-content\/uploads\/slider2\/TheCharmingJAY-7-247x370.jpeg 247w, https:\/\/jpconjuring.co.uk\/wp-content\/uploads\/slider2\/TheCharmingJAY-7-667x1000.jpeg 667w, https:\/\/jpconjuring.co.uk\/wp-content\/uploads\/slider2\/TheCharmingJAY-7-410x615.jpeg 410w, https:\/\/jpconjuring.co.uk\/wp-content\/uploads\/slider2\/TheCharmingJAY-7-853x1280.jpeg 853w, https:\/\/jpconjuring.co.uk\/wp-content\/uploads\/slider2\/TheCharmingJAY-7-scaled.jpeg 1707w\" sizes=\"auto, (max-width: 640px) 100vw, 640px\" \/><\/figure><\/div>\n\n\n<p class=\"has-text-align-center\"><em><strong>The Charming JAY &#8220;TRICK OR TREAT !!&#8221;<\/strong><\/em><\/p>\n\n\n\n<p class=\"has-text-align-left\">Nieoczekiwane wpadki wywo\u0142uj\u0105 \u015bmiech! Psotny magik, The Charming Jay, urzeka publiczno\u015b\u0107 swoim czaruj\u0105cym humorem!<\/p>\n\n\n\n<p class=\"has-text-align-left\">Magiczne sztuczki uroczego Jaya nie zawsze wychodz\u0105 idealnie. Za ka\u017cdym razem, gdy pojawia si\u0119 na scenie, pr\u00f3buje naprawi\u0107 swoje b\u0142\u0119dy, roz\u015bmieszaj\u0105c publiczno\u015b\u0107. Chocia\u017c na zewn\u0105trz udaje fajnego i nieskazitelnego magika, jego niezdarno\u015b\u0107 i komiczne wybryki budz\u0105 empati\u0119 i tworz\u0105 wi\u0119\u017a z publiczno\u015bci\u0105.<\/p>\n\n\n\n<p class=\"has-text-align-left\">Spektakl jest bezs\u0142owny, opiera si\u0119 wy\u0142\u0105cznie na ruchach i gestach. Jay, kt\u00f3ry ma w sobie urok gwiazdy kina niemego, dope\u0142nia spektakl, wchodz\u0105c w interakcj\u0119 z publiczno\u015bci\u0105. Niezale\u017cnie od tego, czy magia si\u0119 powiedzie, czy nie, nie liczy si\u0119 perfekcja, ale szczery \u015bmiech i wi\u0119\u017a mi\u0119dzyludzka, kt\u00f3re rozkwitaj\u0105 podczas spektaklu.<\/p>\n\n\n\n<p class=\"has-text-align-left\">Od przygotowa\u0144 do fina\u0142u widzowie staj\u0105 si\u0119 bohaterami opowie\u015bci, a nie tylko widzami. Improwizowane i humorystyczne epizody tworzone przy udziale publiczno\u015bci stanowi\u0105 trzon spektaklu, tworz\u0105c now\u0105 narracj\u0119. Dzie\u0142o to przekracza bariery j\u0119zykowe i kulturowe, aby dzieli\u0107 si\u0119 uniwersalnymi ludzkimi emocjami, oferuj\u0105c wyj\u0105tkowe do\u015bwiadczenie, kt\u00f3re ujawnia istot\u0119 komunikacji.<\/p>\n<\/div><\/div><\/div>\n<div class=\"col-md-6 col-sm-6 col-xs-12 pt-cv-content-item pt-cv-1-col\" ><div class='pt-cv-ifield'><div class=\"pt-cv-content\">\n<p class=\"has-text-align-center\"><strong>Dlaczego stworzy\u0142em i kontynuuj\u0119 ten program?<\/strong><\/p>\n\n\n\n<p class=\"has-text-align-left\">Kiedy przeprowadzi\u0142em si\u0119 do Wielkiej Brytanii (w 2014 roku), czu\u0142em si\u0119 do\u015b\u0107 nieswojo podczas ogl\u0105dania program\u00f3w z powodu j\u0119zyka, ale nie s\u0105dz\u0119, \u017ce to jedyny problem dla mnie, wi\u0119c od tego momentu stara\u0142em si\u0119 stworzy\u0107 cichy program, bez j\u0119zyka, wieku, koloru sk\u00f3ry&#8230;. Ponadto, aby podkre\u015bli\u0107, \u017ce czujemy, kiedy co\u015b nam si\u0119 podoba, zamiast my\u015ble\u0107 o tym zbyt wiele.<\/p>\n\n\n\n<p class=\"has-text-align-center\"><strong>Intencja tw\u00f3rcza<\/strong><\/p>\n\n\n\n<p class=\"has-text-align-left\">J\u0119zyk wykracza poza swoj\u0105 rol\u0119 zwyk\u0142ego narz\u0119dzia komunikacji; jest podstawowym \u015brodkiem wyra\u017cania to\u017csamo\u015bci, rezonuj\u0105cym z konkretnymi narodami i kulturami. Jednak bariery j\u0119zykowe cz\u0119sto nas dziel\u0105 i wyznaczaj\u0105 granice. Praca ta niesie przes\u0142anie dzielenia si\u0119 uniwersalnymi emocjami ludzkimi, kt\u00f3re wykraczaj\u0105 poza r\u00f3\u017cnice j\u0119zykowe, rasowe i kulturowe.<\/p>\n\n\n\n<p class=\"has-text-align-left\">Ogl\u0105daj\u0105c filmy lub spektakle, cz\u0119sto skupiamy wzrok na napisach, co uniemo\u017cliwia nam pe\u0142ne do\u015bwiadczenie gry aktorskiej i emocji. Sugeruje to, \u017ce istot\u0105 komunikacji nie jest j\u0119zyk, ale uniwersalne ludzkie emocje. Dlatego te\u017c celem tej pracy jest swobodne dzielenie si\u0119 ludzkimi emocjami poprzez przekraczanie barier j\u0119zykowych za pomoc\u0105 komunikacji opartej na gestach, mimice i dzia\u0142aniach. Dzi\u0119ki momentom prawdziwego cz\u0142owiecze\u0144stwa i \u015bmiechu, kt\u00f3re nie wynikaj\u0105 z doskona\u0142o\u015bci, ale z b\u0142\u0119d\u00f3w, widzowie do\u015bwiadczaj\u0105 prze\u0142amania barier mi\u0119dzy scen\u0105 a widowni\u0105. Spektakl ten nie dotyczy technik komunikacyjnych, ale ponownego odkrycia humanistycznej warto\u015bci dzielenia si\u0119 ludzkimi emocjami i procesu wsp\u00f3\u0142tworzenia historii z widzami.<\/p>\n\n\n\n<p class=\"has-text-align-center\"><strong>Podsumowanie<\/strong><\/p>\n\n\n\n<p class=\"has-text-align-left\">Po\u0142udniowokorea\u0144ski magik JAY.P wciela si\u0119 w rol\u0119 The Charming Jay, postaci lubi\u0105cej klasyczn\u0105 magi\u0119 i ekscentryczny jazz. Jest to potulny magik o niezwyk\u0142ych zdolno\u015bciach. Jednak za ka\u017cdym razem, gdy pr\u00f3buje wykona\u0107 sztuczk\u0119, ponosi pora\u017ck\u0119. Kiedy pr\u00f3buje ukry\u0107 sw\u00f3j b\u0142\u0105d, dochodzi do kolejnej absurdalnej sytuacji. Zw\u0142aszcza gdy wok\u00f3\u0142 sceny zgromadzi\u0142a si\u0119 du\u017ca publiczno\u015b\u0107. Po bli\u017cszym przyjrzeniu si\u0119 widzowie zdaj\u0105 sobie spraw\u0119, \u017ce nie jest on zwyk\u0142ym magikiem, ale raczej klaunem, kt\u00f3ry wydaje si\u0119 pochodzi\u0107 z epoki kina niemego.To przedstawienie nie jest zwyk\u0142\u0105 magi\u0105. \u201eTRICK OR TREAT\u201d to opowie\u015b\u0107 o \u017cyciu artysty, przedstawiona poprzez nieoczekiwane wpadki, \u015bmiech i urocze relacje mi\u0119dzyludzkie The Charming Jay<\/p>\n\n\n\n<p class=\"has-text-align-center\"><strong>Referencje<\/strong><\/p>\n\n\n\n<p>Zaczynaj\u0105c od magii klasycznej, studiowa\u0142em komedi\u0119 i klaunad\u0119 podczas warsztat\u00f3w i pod okiem artyst\u00f3w z Ameryki \u0141aci\u0144skiej (hiszpa\u0144skich, latynoameryka\u0144skich) w szko\u0142ach teatralnych w Londynie. Ponadto, opieraj\u0105c si\u0119 na technice pantomimy Jacques&#8217;a Lecoqa, przez dwa lata trenowa\u0142em w Contemporary Center w Berlinie (Art House Berlin), studiuj\u0105c ruch i ekspresj\u0119 cia\u0142a. Ponadto analizowa\u0142em i \u0107wiczy\u0142em r\u00f3\u017cne filmy nieme (Charlie Chaplin, Buster Keaton, Jacques Tati, Laurel i Hardy, Jerry Lewis, bracia Marx itp.), aby analizowa\u0107 i \u0107wiczy\u0107, studiowa\u0107 i rozwija\u0107 odpowiedni\u0105 gr\u0119 aktorsk\u0105 i ruchy, a tak\u017ce ekspresj\u0119 niewerbaln\u0105.<\/p>\n\n\n\n<p class=\"has-text-align-center\"><strong>Czego oczekujemy w tym programie?<\/strong><\/p>\n\n\n\n<p class=\"has-text-align-center\"><strong>Teoretycznie<\/strong><\/p>\n\n\n\n<p class=\"has-text-align-left\"><strong>1. r\u00f3\u017cnorodno\u015bci<\/strong><\/p>\n\n\n\n<p class=\"has-text-align-left\">Oczywi\u015bcie ta seria nie jest zwi\u0105zana z \u017cadnym t\u0142em kulturowym, ale jest zwi\u0105zana z konkretn\u0105 postaw\u0105, kt\u00f3ra robi niewielk\u0105 r\u00f3\u017cnic\u0119.<\/p>\n\n\n\n<p class=\"has-text-align-left\">Posta\u0107 zachowuje si\u0119 jak osoba, kt\u00f3ra pod\u0105\u017ca za azjatyck\u0105 kultur\u0105 i sposobem my\u015blenia. Kiedy posta\u0107 \u0142\u0105czy si\u0119 z koncepcj\u0105 serialu, rekwizytami i kostiumami, kt\u00f3re nie nale\u017c\u0105 do kultury azjatyckiej, daje widzom poczucie, \u017ce nawet je\u015bli mo\u017cna nas odr\u00f3\u017cni\u0107 po wygl\u0105dzie, wszyscy jeste\u015bmy tacy sami jak rasa ludzka. Ponadto sugeruje widzom ide\u0119 r\u00f3wno\u015bci i r\u00f3\u017cnorodno\u015bci na \u015bwiecie.<\/p>\n\n\n\n<p class=\"has-text-align-left\"><strong>2. Ludzko\u015b\u0107<\/strong><\/p>\n\n\n\n<p class=\"has-text-align-left\">Spektakl ten wykracza poza zwyk\u0142\u0105 magi\u0119, \u0142\u0105cz\u0105c dialog poprzez gesty i mow\u0119 cia\u0142a, komedi\u0119 fizyczn\u0105 i muzyk\u0119. Wszyscy wygl\u0105damy inaczej. Jednak kolor sk\u00f3ry, wiek, pochodzenie kulturowe czy miejsce urodzenia nie maj\u0105 znaczenia. Poniewa\u017c wszyscy jeste\u015bmy lud\u017ami, The Charming Jay przekazuje widzom przes\u0142anie, \u017ce kiedy odczuwamy nasze wsp\u00f3lne cz\u0142owiecze\u0144stwo, wszyscy jeste\u015bmy tacy sami. Dlatego podczas ca\u0142ego spektaklu komunikacja z widzami odbywa si\u0119 bez s\u0142\u00f3w, wy\u0142\u0105cznie poprzez j\u0119zyk cia\u0142a, ekspresyjne gesty i wsp\u00f3lny oddech.<\/p>\n\n\n\n<p class=\"has-text-align-center\"><strong>Praktycznie<\/strong><\/p>\n\n\n\n<p class=\"has-text-align-left\"><strong>1. r\u00f3\u017cna atmosfera wyst\u0119p\u00f3w (dziennych i nocnych)<\/strong><\/p>\n\n\n\n<p class=\"has-text-align-left\">Wyst\u0119py dzienne s\u0105 bardziej skoncentrowane na komedii fizycznej i improwizacji. Wszyscy razem \u015bmiejemy si\u0119 i zastanawiamy w nieprzewidywalnych sytuacjach. Czasami szalejemy, wyg\u0142upiaj\u0105c si\u0119 jak w starym niemym filmie. Pozwala to publiczno\u015bci poczu\u0107 bardziej radosn\u0105 i pozytywn\u0105 energi\u0119.<\/p>\n\n\n\n<p class=\"has-text-align-left\">Wr\u0119cz przeciwnie, noc\u0105, gdy niebo staje si\u0119 b\u0142\u0119kitne o p\u00f3\u0142nocy, &#8220;The Charming JAY&#8221; jest w nastroju przytulnych i ciep\u0142ych wibracji.<\/p>\n\n\n\n<p class=\"has-text-align-left\">Nie jest to jeden z wysokoenergetycznych i wielkich fina\u0142\u00f3w, takich jak pokazy ognia, ale dla niekt\u00f3rych os\u00f3b, kt\u00f3re chcia\u0142yby si\u0119 zrelaksowa\u0107 wieczorem i zako\u0144czy\u0107 dzie\u0144 relaksem, &#8220;The Charming JAY&#8221; jest tym, kt\u00f3ry mo\u017ce da\u0107 publiczno\u015bci ciep\u0142y u\u015bcisk i przytulny u\u015bmiech. W ch\u0142odn\u0105 noc z ciep\u0142\u0105 energi\u0105, jak noc, nazwali\u015bmy to dniem.<\/p>\n\n\n\n<p class=\"has-text-align-left\"><strong>2. Pomiar ogl\u0105dalno\u015bci<\/strong><\/p>\n\n\n\n<p class=\"has-text-align-left\">Program &#8220;The Charming JAY&#8221; nie zawiera \u017cadnych niebezpiecznych rekwizyt\u00f3w. Oznacza to, \u017ce pomiar linii bezpiecze\u0144stwa jest elastyczny. Ponadto rutyna wyst\u0119pu zale\u017cy od odleg\u0142o\u015bci mi\u0119dzy wykonawc\u0105 a publiczno\u015bci\u0105. M\u00f3wi\u0105c pro\u015bciej, od ma\u0142ego t\u0142umu (10-20 os\u00f3b) do du\u017cego t\u0142umu (ponad 300 os\u00f3b), wszystko mo\u017ce by\u0107 obs\u0142ugiwane przez sytuacj\u0119 i przestrze\u0144.<\/p>\n\n\n\n<p class=\"has-text-align-left\"><strong>3. Traktuj to powa\u017cnie i odpowiedzialnie.<\/strong><\/p>\n\n\n\n<p class=\"has-text-align-left\">Wyst\u0119powa\u0142em ponad 10 000 razy w regionach europejskich na oko\u0142o 60 festiwalach, a tak\u017ce w Covent Garden w Londynie jako profesjonalny wykonawca. W tym czasie nie bra\u0142em udzia\u0142u w \u017cadnych wypadkach ani nie powodowa\u0142em powa\u017cnych problem\u00f3w z publiczno\u015bci\u0105.<\/p>\n\n\n\n<p class=\"has-text-align-left\">Zawsze jestem gotowy na miejscu na 2 godziny przed wyst\u0119pem, sprawdzaj\u0105c lokalizacj\u0119, stron\u0119 techniczn\u0105 i znajduj\u0105c najlepszy spos\u00f3b na zaprezentowanie show publiczno\u015bci.<\/p>\n\n\n\n<p class=\"has-text-align-left\">Ponadto, nawet je\u015bli doznam kontuzji podczas wyst\u0119pu, nadal mog\u0119 wyst\u0119powa\u0107 na siedz\u0105co lub spowalniaj\u0105c tempo wyst\u0119pu (z wyj\u0105tkiem powa\u017cnych problem\u00f3w medyczn<\/p>\n\n\n\n<p class=\"has-text-align-left\"><strong>4. Elastyczno\u015b\u0107 i zdolno\u015b\u0107 adaptacji<\/strong><\/p>\n\n\n\n<p class=\"has-text-align-left\">Ze wzgl\u0119du na wielozadaniowo\u015b\u0107, kt\u00f3ra jest bardzo potrzebna na festiwalach, jestem elastyczny, aby nad\u0105\u017cy\u0107 za mo\u017cliwymi zmianami w harmonogramach i miejscach przez organizator\u00f3w festiwali.<\/p>\n\n\n\n<p class=\"has-text-align-left\">Nie ma ogranicze\u0144 co do wyst\u0119p\u00f3w, z wyj\u0105tkiem ulewnego deszczu.<\/p>\n\n\n\n<p class=\"has-text-align-left\">Je\u015bli jest to dzie\u0144 ulewnego deszczu, wyst\u0119p mo\u017ce zosta\u0107 przeniesiony do wewn\u0105trz, a je\u015bli pogoda jest elastyczna, na przyk\u0142ad troch\u0119 wiatru lub kr\u00f3tkie prysznice, m\u00f3j wyst\u0119p mo\u017ce odby\u0107 si\u0119 pod du\u017cym parasolem.<\/p>\n\n\n\n<p class=\"has-text-align-left\"><\/p>\n<\/div><\/div><\/div><\/div><\/div><\/div>\n","protected":false},"excerpt":{"rendered":"","protected":false},"author":1,"featured_media":0,"parent":0,"menu_order":0,"comment_status":"closed","ping_status":"closed","template":"page-templates\/full-width.php","meta":{"footnotes":""},"class_list":["post-47","page","type-page","status-publish","hentry","no-thumbnail"],"translation":{"provider":"WPGlobus","version":"3.0.2","language":"pl","enabled_languages":["en","de","fr","es","it","ko","pt","pl","da"],"languages":{"en":{"title":true,"content":true,"excerpt":false},"de":{"title":true,"content":true,"excerpt":false},"fr":{"title":true,"content":false,"excerpt":false},"es":{"title":true,"content":false,"excerpt":false},"it":{"title":true,"content":false,"excerpt":false},"ko":{"title":true,"content":false,"excerpt":false},"pt":{"title":true,"content":false,"excerpt":false},"pl":{"title":true,"content":false,"excerpt":false},"da":{"title":true,"content":false,"excerpt":false}}},"_links":{"self":[{"href":"https:\/\/jpconjuring.co.uk\/pl\/wp-json\/wp\/v2\/pages\/47","targetHints":{"allow":["GET"]}}],"collection":[{"href":"https:\/\/jpconjuring.co.uk\/pl\/wp-json\/wp\/v2\/pages"}],"about":[{"href":"https:\/\/jpconjuring.co.uk\/pl\/wp-json\/wp\/v2\/types\/page"}],"author":[{"embeddable":true,"href":"https:\/\/jpconjuring.co.uk\/pl\/wp-json\/wp\/v2\/users\/1"}],"replies":[{"embeddable":true,"href":"https:\/\/jpconjuring.co.uk\/pl\/wp-json\/wp\/v2\/comments?post=47"}],"version-history":[{"count":31,"href":"https:\/\/jpconjuring.co.uk\/pl\/wp-json\/wp\/v2\/pages\/47\/revisions"}],"predecessor-version":[{"id":3589,"href":"https:\/\/jpconjuring.co.uk\/pl\/wp-json\/wp\/v2\/pages\/47\/revisions\/3589"}],"wp:attachment":[{"href":"https:\/\/jpconjuring.co.uk\/pl\/wp-json\/wp\/v2\/media?parent=47"}],"curies":[{"name":"wp","href":"https:\/\/api.w.org\/{rel}","templated":true}]}}