{"id":37,"date":"2017-12-14T21:53:43","date_gmt":"2017-12-14T20:53:43","guid":{"rendered":"https:\/\/jpconjuring.co.uk\/?page_id=37"},"modified":"2025-10-17T21:08:55","modified_gmt":"2025-10-17T20:08:55","slug":"description","status":"publish","type":"page","link":"https:\/\/jpconjuring.co.uk\/pt\/","title":{"rendered":"Descri\u00e7\u00e3o"},"content":{"rendered":"\n\n\n\n<p class=\"has-text-align-left\">O m\u00e1gico sul-coreano JAY.P interpreta &#8220;The Charming JAY&#8221;, um personagem que adora magia cl\u00e1ssica e jazz exc\u00eantrico. Ele \u00e9 um m\u00e1gico gentil com um talento extraordin\u00e1rio. Mas sempre que tenta um truque, ele falha. E quando tenta esconder o seu erro, algo ainda mais rid\u00edculo acontece. Especialmente quando h\u00e1 muitos espectadores ao redor do palco. Ao observar mais de perto, o p\u00fablico percebe que ele n\u00e3o \u00e9 um m\u00e1gico como os outros, mas um palha\u00e7o que parece ter sa\u00eddo da era do cinema mudo.<\/p>\n","protected":false},"excerpt":{"rendered":"<p>O m\u00e1gico sul-coreano JAY.P interpreta &#8220;The Charming JAY&#8221;, um personagem que adora magia cl\u00e1ssica e jazz exc\u00eantrico. Ele \u00e9 um m\u00e1gico gentil com um talento extraordin\u00e1rio. Mas sempre que tenta [&#8230;]<\/p>\n<p><a rel=\"bookmark\" class=\"more-link button\" href=\"https:\/\/jpconjuring.co.uk\/pt\/\">Continue reading &rarr;<\/a><\/p>\n","protected":false},"author":1,"featured_media":0,"parent":0,"menu_order":0,"comment_status":"closed","ping_status":"closed","template":"page-templates\/full-width.php","meta":{"footnotes":""},"class_list":["post-37","page","type-page","status-publish","hentry","no-thumbnail"],"translation":{"provider":"WPGlobus","version":"3.0.2","language":"pt","enabled_languages":["en","de","fr","es","it","ko","pt","pl","da"],"languages":{"en":{"title":true,"content":true,"excerpt":false},"de":{"title":true,"content":true,"excerpt":false},"fr":{"title":true,"content":true,"excerpt":false},"es":{"title":true,"content":true,"excerpt":false},"it":{"title":true,"content":true,"excerpt":false},"ko":{"title":true,"content":true,"excerpt":false},"pt":{"title":true,"content":true,"excerpt":false},"pl":{"title":true,"content":true,"excerpt":false},"da":{"title":true,"content":true,"excerpt":false}}},"_links":{"self":[{"href":"https:\/\/jpconjuring.co.uk\/pt\/wp-json\/wp\/v2\/pages\/37","targetHints":{"allow":["GET"]}}],"collection":[{"href":"https:\/\/jpconjuring.co.uk\/pt\/wp-json\/wp\/v2\/pages"}],"about":[{"href":"https:\/\/jpconjuring.co.uk\/pt\/wp-json\/wp\/v2\/types\/page"}],"author":[{"embeddable":true,"href":"https:\/\/jpconjuring.co.uk\/pt\/wp-json\/wp\/v2\/users\/1"}],"replies":[{"embeddable":true,"href":"https:\/\/jpconjuring.co.uk\/pt\/wp-json\/wp\/v2\/comments?post=37"}],"version-history":[{"count":122,"href":"https:\/\/jpconjuring.co.uk\/pt\/wp-json\/wp\/v2\/pages\/37\/revisions"}],"predecessor-version":[{"id":5982,"href":"https:\/\/jpconjuring.co.uk\/pt\/wp-json\/wp\/v2\/pages\/37\/revisions\/5982"}],"wp:attachment":[{"href":"https:\/\/jpconjuring.co.uk\/pt\/wp-json\/wp\/v2\/media?parent=37"}],"curies":[{"name":"wp","href":"https:\/\/api.w.org\/{rel}","templated":true}]}}