{"id":41,"date":"2017-12-14T21:57:22","date_gmt":"2017-12-14T20:57:22","guid":{"rendered":"https:\/\/jpconjuring.co.uk\/?page_id=41"},"modified":"2025-10-20T12:27:48","modified_gmt":"2025-10-20T11:27:48","slug":"biography","status":"publish","type":"page","link":"https:\/\/jpconjuring.co.uk\/pt\/biography\/","title":{"rendered":"Biografia"},"content":{"rendered":"\n<p class=\"has-text-align-left\">Jay come\u00e7ou a sua carreira como m\u00e1gico aos 16 anos,.<\/p>\n\n\n\n<p class=\"has-text-align-left\">Aos 17 anos, Jay recebeu uma oferta para se tornar aprendiz numa empresa de entretenimento m\u00e1gico, onde p\u00f4de aperfei\u00e7oar as suas habilidades na companhia de m\u00e1gicos experientes e aprender t\u00e9cnicas profissionais e talento para o espet\u00e1culo.<\/p>\n\n\n\n<p class=\"has-text-align-left\">Aos 20 anos, j\u00e1 trabalhava com os seus professores e ensinava aspirantes a m\u00e1gicos.<\/p>\n\n\n\n<p class=\"has-text-align-left\">Come\u00e7ou tamb\u00e9m a explorar a arte da magia, desenvolvendo as suas pr\u00f3prias ilus\u00f5es a partir do zero e transmitindo essa experi\u00eancia a m\u00e1gicos que estavam a dar os primeiros passos na profiss\u00e3o.<\/p>\n\n\n\n<p class=\"has-text-align-left\">Jay serviu no ex\u00e9rcito por dois anos, mas ainda assim encontrou oportunidades para ensinar magia a alguns de seus colegas soldados e foi convidado a demonstrar suas habilidades em cerim\u00f4nias militares diante de oficiais superiores.<\/p>\n\n\n\n<p class=\"has-text-align-left\">Ap\u00f3s o servi\u00e7o militar, ele retomou a carreira como m\u00e1gico profissional, criador de ilus\u00f5es e professor\/mentor de aspirantes a m\u00e1gicos.<\/p>\n\n\n\n<p class=\"has-text-align-left\">Ele tamb\u00e9m foi contratado como consultor de magia para o filme \u201cThe Magician\u201d (2015). Ele ensinou truques de magia aos atores principais, desenvolveu as sequ\u00eancias, criou as ilus\u00f5es e atuou como dubl\u00ea de m\u00e3os \u201cm\u00e1gicas\u201d para o ator principal em algumas das manipula\u00e7\u00f5es mais dif\u00edceis.<\/p>\n\n\n\n<p class=\"has-text-align-left\"><br>Come\u00e7ando com apresenta\u00e7\u00f5es de rua em Covent Garden, Londres, em 2015, estudou numa escola de teatro em Londres, Reino Unido, por dois anos, de 2016 a 2018, participando em festivais de teatro de rua e apresenta\u00e7\u00f5es de rua em todo o Reino Unido. Em seguida, mudou-se para Berlim, Alemanha, em 2019, atuando em festivais de teatro de rua e festivais de teatro na Alemanha e regi\u00f5es de l\u00edngua alem\u00e3.<\/p>\n\n\n\n<p class=\"has-text-align-left\"><br>Desde 2019, tem participado em festivais de teatro e apresenta\u00e7\u00f5es de rua por toda a Europa. A partir de 2022, expandiu as suas atividades para a Oce\u00e2nia, Am\u00e9rica do Norte e M\u00e9dio Oriente.<\/p>\n\n\n\n<p class=\"has-text-align-left\"><br>Come\u00e7ando com magia cl\u00e1ssica, foi influenciado por artistas das tradi\u00e7\u00f5es latinas (espanholas, latino-americanas) na London Drama School, no Reino Unido. Concentrou-se na cria\u00e7\u00e3o de obras centradas na com\u00e9dia f\u00edsica e em apresenta\u00e7\u00f5es de palha\u00e7o.<\/p>\n\n\n\n<p class=\"has-text-align-left\">Em 2020, treinou durante dois anos na Escola de M\u00edmica de Berlim, estudando movimento f\u00edsico e express\u00e3o atrav\u00e9s de um curr\u00edculo centrado nas t\u00e9cnicas de m\u00edmica de Jacques Lecoq. Tamb\u00e9m analisou e praticou v\u00e1rios filmes mudos (Charlie Chaplin, Buster Keaton, Jacques Tati, Laurel e Hardy, Jerry Lewis, os Irm\u00e3os Marx, etc.) e criou esbo\u00e7os.<\/p>\n\n\n\n<p class=\"has-text-align-left\"><br>Atrav\u00e9s disso, ele pesquisa e desenvolve continuamente estilos de atua\u00e7\u00e3o e movimento que lhe s\u00e3o adequados, juntamente com express\u00f5es capazes de comunica\u00e7\u00e3o n\u00e3o verbal para a sua maneira \u00fanica de combinar magia e com\u00e9dia de cinema mudo.<\/p>\n\n\n\n<p class=\"has-text-align-left\"><br>Em 2025, ele ganhou o segundo pr\u00e9mio no FISM ITLAY WCM (Campeonato Mundial de Magia) 2025 na categoria de magia de rua.<\/p>\n","protected":false},"excerpt":{"rendered":"<p>Jay come\u00e7ou a sua carreira como m\u00e1gico aos 16 anos,. Aos 17 anos, Jay recebeu uma oferta para se tornar aprendiz numa empresa de entretenimento m\u00e1gico, onde p\u00f4de aperfei\u00e7oar as [&#8230;]<\/p>\n<p><a rel=\"bookmark\" class=\"more-link button\" href=\"https:\/\/jpconjuring.co.uk\/pt\/biography\/\">Continue reading &rarr;<\/a><\/p>\n","protected":false},"author":1,"featured_media":0,"parent":0,"menu_order":0,"comment_status":"closed","ping_status":"closed","template":"page-templates\/full-width.php","meta":{"footnotes":""},"class_list":["post-41","page","type-page","status-publish","hentry","no-thumbnail"],"translation":{"provider":"WPGlobus","version":"3.0.2","language":"pt","enabled_languages":["en","de","fr","es","it","ko","pt","pl","da"],"languages":{"en":{"title":true,"content":true,"excerpt":false},"de":{"title":true,"content":true,"excerpt":false},"fr":{"title":true,"content":true,"excerpt":false},"es":{"title":true,"content":true,"excerpt":false},"it":{"title":true,"content":true,"excerpt":false},"ko":{"title":true,"content":true,"excerpt":false},"pt":{"title":true,"content":true,"excerpt":false},"pl":{"title":true,"content":true,"excerpt":false},"da":{"title":true,"content":true,"excerpt":false}}},"_links":{"self":[{"href":"https:\/\/jpconjuring.co.uk\/pt\/wp-json\/wp\/v2\/pages\/41","targetHints":{"allow":["GET"]}}],"collection":[{"href":"https:\/\/jpconjuring.co.uk\/pt\/wp-json\/wp\/v2\/pages"}],"about":[{"href":"https:\/\/jpconjuring.co.uk\/pt\/wp-json\/wp\/v2\/types\/page"}],"author":[{"embeddable":true,"href":"https:\/\/jpconjuring.co.uk\/pt\/wp-json\/wp\/v2\/users\/1"}],"replies":[{"embeddable":true,"href":"https:\/\/jpconjuring.co.uk\/pt\/wp-json\/wp\/v2\/comments?post=41"}],"version-history":[{"count":56,"href":"https:\/\/jpconjuring.co.uk\/pt\/wp-json\/wp\/v2\/pages\/41\/revisions"}],"predecessor-version":[{"id":6028,"href":"https:\/\/jpconjuring.co.uk\/pt\/wp-json\/wp\/v2\/pages\/41\/revisions\/6028"}],"wp:attachment":[{"href":"https:\/\/jpconjuring.co.uk\/pt\/wp-json\/wp\/v2\/media?parent=41"}],"curies":[{"name":"wp","href":"https:\/\/api.w.org\/{rel}","templated":true}]}}