{"id":43,"date":"2017-12-14T21:57:32","date_gmt":"2017-12-14T20:57:32","guid":{"rendered":"https:\/\/jpconjuring.co.uk\/?page_id=43"},"modified":"2025-10-21T12:43:07","modified_gmt":"2025-10-21T11:43:07","slug":"career","status":"publish","type":"page","link":"https:\/\/jpconjuring.co.uk\/pt\/career\/","title":{"rendered":"Carreira"},"content":{"rendered":"<p><em><strong><u><span lang=\"EN-US\" style=\"font-size: 12.0pt;\">Premio<\/span><\/u><\/strong><\/em><\/p>\n<p><span lang=\"EN-US\" style=\"font-size: 12.0pt;\">FISM ITALY 2025 World Championship of Magic, Street magic Category, 2nd Prize<\/span><\/p>\n<p><span lang=\"EN-US\" style=\"font-size: 12.0pt;\">Stra\u00dfenzauberer(m\u00e1gico de rua) Festival St. Wendel Alemanha 2023, Best Comedy Act<\/span><\/p>\n<p class=\"Body\"><em><strong><u><span lang=\"EN-US\" style=\"font-size: 12.0pt;\">M\u00e1gico<\/span><\/u><\/strong><\/em><\/p>\n<p class=\"Body\"><span lang=\"EN-US\" style=\"font-size: 12.0pt;\">2005 &#8211; 2006 &#8211; Edu Magic Entertainment (Aprendiz) &#8211; Cor\u00e9ia do Sul<\/span><\/p>\n<p class=\"Body\"><span lang=\"EN-US\" style=\"font-size: 12.0pt;\">2007 &#8211; 2008 &#8211; Kuma Magic Entertainment &#8211; M\u00e1gico &#8211; Cor\u00e9ia do Sul<\/span><\/p>\n<p class=\"Body\"><span lang=\"EN-US\" style=\"font-size: 12.0pt;\">2013 &#8211; Magic Knok Company &#8211; M\u00e1gico &#8211; Cor\u00e9ia do Sul<\/span><\/p>\n<p class=\"Body\"><span lang=\"EN-US\" style=\"font-size: 12.0pt;\">2014 &#8211; Is Magic &#8211; M\u00e1gico &#8211; Cor\u00e9ia do Sul<\/span><\/p>\n<p class=\"Body\"><span lang=\"EN-US\" style=\"font-size: 12.0pt;\">2015~ &#8211; M\u00e1gico aut\u00f4nomo <\/span><\/p>\n<p class=\"Body\"><em><strong><u><span lang=\"EN-US\" style=\"font-size: 12.0pt;\">Professor de M\u00e1gica<\/span><\/u><\/strong><\/em><\/p>\n<p class=\"Body\"><span lang=\"EN-US\" style=\"font-size: 12.0pt;\">2008 &#8211; Bosung Middle School (Cor\u00e9ia do Sul) <\/span><\/p>\n<p class=\"Body\"><span lang=\"EN-US\" style=\"font-size: 12.0pt;\">2013 &#8211; M\u00e1gico, Consultor de m\u00e1gica na Magic Knok Company (Cor\u00e9ia do Sul)<\/span><\/p>\n<p class=\"Body\"><span lang=\"EN-US\" style=\"font-size: 12.0pt;\">2014 &#8211; M\u00e1gico , Consultor de m\u00e1gica em Is Magic (Cor\u00e9ia do Sul)<\/span><\/p>\n<p class=\"Body\"><span lang=\"EN-US\" style=\"font-size: 12.0pt;\">2013 &#8211; 2014 &#8211; Mentor de ilusionismo e mentalismo em Dalkkum (Cor\u00e9ia do Sul)<\/span><\/p>\n<p class=\"Body\"><span lang=\"EN-US\" style=\"font-size: 12.0pt;\">2014 &#8211; Consultor de m\u00e1gica no filme \u201cThe Magician\u201d(2015) (Cor\u00e9ia do Sul)<\/span><\/p>\n<p>2018 &#8211; Magica no filme &#8221; Last Christmas&#8221;(<span lang=\"EN-US\" style=\"font-size: 12.0pt;\">Reino Unido<\/span>)<\/p>\n<p class=\"Body\"><em><strong><u><span lang=\"EN-US\" style=\"font-size: 12.0pt;\">Membro de<\/span><\/u><\/strong><\/em><\/p>\n<p class=\"Body\"><span lang=\"EN-US\" style=\"font-size: 12.0pt;\">Membro da L.S.M (London Society of Magic)<\/span><\/p>\n<p class=\"Body\"><span lang=\"EN-US\" style=\"font-size: 12.0pt;\">Membro da I.M.S (Internacional Magic Society)<\/span><\/p>\n<p class=\"Body\"><span lang=\"EN-US\" style=\"font-size: 12.0pt;\">Membro da S.A.M (Society of American Magician)<\/span><\/p>\n<p class=\"Body\"><span lang=\"EN-US\" style=\"font-size: 12.0pt;\">The Magic Circle (Reino Unido) A.I.M.C (Associate of inner magic circle)<\/span><\/p>\n<p class=\"Body\"><span lang=\"EN-US\" style=\"font-size: 12.0pt;\">Professor de m\u00e1gica da Sociedade de Educa\u00e7\u00e3o de Magia na Cor\u00e9ia do Sul<\/span><\/p>\n<p><em><strong>Estudos<\/strong><\/em><\/p>\n<p>Rose Bruford College, London, UK &#8220;MA Devised Theatre And Performance&#8221;(Master of Arts)<\/p>\n","protected":false},"excerpt":{"rendered":"<p>Premio FISM ITALY 2025 World Championship of Magic, Street magic Category, 2nd Prize Stra\u00dfenzauberer(m\u00e1gico de rua) Festival St. Wendel Alemanha 2023, Best Comedy Act M\u00e1gico 2005 &#8211; 2006 &#8211; Edu [&#8230;]<\/p>\n<p><a rel=\"bookmark\" class=\"more-link button\" href=\"https:\/\/jpconjuring.co.uk\/pt\/career\/\">Continue reading &rarr;<\/a><\/p>\n","protected":false},"author":1,"featured_media":0,"parent":0,"menu_order":0,"comment_status":"closed","ping_status":"closed","template":"page-templates\/full-width.php","meta":{"footnotes":""},"class_list":["post-43","page","type-page","status-publish","hentry","no-thumbnail"],"translation":{"provider":"WPGlobus","version":"3.0.2","language":"pt","enabled_languages":["en","de","fr","es","it","ko","pt","pl","da"],"languages":{"en":{"title":true,"content":true,"excerpt":false},"de":{"title":true,"content":true,"excerpt":false},"fr":{"title":true,"content":true,"excerpt":false},"es":{"title":true,"content":true,"excerpt":false},"it":{"title":true,"content":true,"excerpt":false},"ko":{"title":true,"content":true,"excerpt":false},"pt":{"title":true,"content":true,"excerpt":false},"pl":{"title":true,"content":true,"excerpt":false},"da":{"title":true,"content":true,"excerpt":false}}},"_links":{"self":[{"href":"https:\/\/jpconjuring.co.uk\/pt\/wp-json\/wp\/v2\/pages\/43","targetHints":{"allow":["GET"]}}],"collection":[{"href":"https:\/\/jpconjuring.co.uk\/pt\/wp-json\/wp\/v2\/pages"}],"about":[{"href":"https:\/\/jpconjuring.co.uk\/pt\/wp-json\/wp\/v2\/types\/page"}],"author":[{"embeddable":true,"href":"https:\/\/jpconjuring.co.uk\/pt\/wp-json\/wp\/v2\/users\/1"}],"replies":[{"embeddable":true,"href":"https:\/\/jpconjuring.co.uk\/pt\/wp-json\/wp\/v2\/comments?post=43"}],"version-history":[{"count":68,"href":"https:\/\/jpconjuring.co.uk\/pt\/wp-json\/wp\/v2\/pages\/43\/revisions"}],"predecessor-version":[{"id":6094,"href":"https:\/\/jpconjuring.co.uk\/pt\/wp-json\/wp\/v2\/pages\/43\/revisions\/6094"}],"wp:attachment":[{"href":"https:\/\/jpconjuring.co.uk\/pt\/wp-json\/wp\/v2\/media?parent=43"}],"curies":[{"name":"wp","href":"https:\/\/api.w.org\/{rel}","templated":true}]}}